{"id":12,"date":"2025-12-02T18:24:56","date_gmt":"2025-12-02T17:24:56","guid":{"rendered":"http:\/\/www.cachapet.com\/?page_id=12"},"modified":"2026-03-09T14:21:56","modified_gmt":"2026-03-09T13:21:56","slug":"fabricacion-de-maquinaria","status":"publish","type":"page","link":"https:\/\/www.cachapet.com\/en\/fabricacion-de-maquinaria\/","title":{"rendered":"Machinery"},"content":{"rendered":"<div class=\"gb-element-5d23225f\">\n\n\n<div class=\"gb-element-45192a81\">\n<h2 class=\"gb-text gb-text-edaa4003\">Machinery manufacturing.<\/h2>\n\n\n\n\n\n\n\n<p class=\"gb-text\">We design and manufacture industrial machinery for various applications, bringing extensive experience in the textile and rope-making sectors. We develop our own equipment and carry out adaptations, upgrades and improvements on existing machines, with a focus on reliability, optimised maintenance and production continuity.<\/p>\n\n\n\n<p class=\"gb-text\">We work with robust mechanical structures, industrial electrical and electronic systems, and solutions tailored to each need.<\/p>\n<\/div>\n\n\n\n\n\n<div class=\"gb-element-f6d2b02c\">\n<h2 class=\"gb-text gb-text-c582ad5b\">Our standard machinery<\/h2>\n\n\n\n<p>Ranges of machinery developed and manufactured by Cachapet for the textile and rope-making sectors.<\/p>\n\n\n<\/div>\n<\/div>\n\n\n\n<div class=\"gb-element-0f643166\">\n<div class=\"gb-element-9f928ad7\">\n<div class=\"gb-element-342c832a\">\n<a href=\"http:\/\/www.cachapet.com\/index.php\/bobinadoras\/\"><img loading=\"lazy\" decoding=\"async\" width=\"450\" height=\"460\" class=\"gb-media-99dc1e41\" alt=\"\" src=\"http:\/\/www.cachapet.com\/wp-content\/uploads\/2025\/12\/bg3.jpg\" title=\"bg3\" srcset=\"https:\/\/www.cachapet.com\/wp-content\/uploads\/2025\/12\/bg3.jpg 450w, https:\/\/www.cachapet.com\/wp-content\/uploads\/2025\/12\/bg3-293x300.jpg 293w\" sizes=\"auto, (max-width: 450px) 100vw, 450px\" \/><\/a>\n\n\n\n<h3 class=\"gb-text gb-text-3a83bbe2\">Winders<\/h3>\n\n\n\n<p>Winding machines for yarn, rope and technical materials, designed for continuous high-quality industrial production.<\/p>\n\n\n\n<a class=\"gb-text gb-text-f855b4a8\" href=\"http:\/\/www.cachapet.com\/index.php\/bobinadoras\/\">View winders<\/a>\n<\/div>\n\n\n\n<div class=\"gb-element-f3fb146f\">\n<a href=\"https:\/\/www.cachapet.com\/index.php\/encarretadoras\/\"><img loading=\"lazy\" decoding=\"async\" width=\"450\" height=\"689\" class=\"gb-media-566f8e74\" alt=\"\" src=\"http:\/\/www.cachapet.com\/wp-content\/uploads\/2025\/12\/BSC8300-scaled-e1766164900970.jpg\" title=\"BSC8300 escalada 450\"\/><\/a>\n\n\n\n<h3 class=\"gb-text gb-text-800eef9c\">Spoolers<\/h3>\n\n\n\n<p>Machinery for filling spools used in braiding processes, capable of working with large spools and different formats.<\/p>\n\n\n\n<a class=\"gb-text gb-text-1a1b1a0f\" href=\"https:\/\/www.cachapet.com\/index.php\/encarretadoras\/\">View spoolers<\/a>\n<\/div>\n\n\n\n<div class=\"gb-element-6a634d1c\">\n<a href=\"https:\/\/www.cachapet.com\/index.php\/recogedores-de-cuerda\/\"><img loading=\"lazy\" decoding=\"async\" width=\"450\" height=\"477\" class=\"gb-media-1cc01192\" alt=\"\" src=\"http:\/\/www.cachapet.com\/wp-content\/uploads\/2025\/12\/pcpc400d-scaled-e1766165559497.jpg\" title=\"pcpc400d escalada 450\"\/><\/a>\n\n\n\n<h3 class=\"gb-text gb-text-fb0db4cd\">Rope take-up machines<\/h3>\n\n\n\n<p>Machines designed for winding rope or yarn onto spools, with precise traverse control and maximum consistency in winding.<\/p>\n\n\n\n<a class=\"gb-text gb-text-f367d197\" href=\"https:\/\/www.cachapet.com\/index.php\/recogedores-de-cuerda\/\">View take-up machines<\/a>\n<\/div>\n\n\n\n<div class=\"gb-element-c5530ae5\">\n<a href=\"http:\/\/www.cachapet.com\/index.php\/dpc-500\/\"><img loading=\"lazy\" decoding=\"async\" width=\"940\" height=\"707\" class=\"gb-media-ad1948f8\" alt=\"\" src=\"http:\/\/www.cachapet.com\/wp-content\/uploads\/2026\/02\/dpc-500d-limpia-v3-1.png\" title=\"dpc-500d limpia v3\" srcset=\"https:\/\/www.cachapet.com\/wp-content\/uploads\/2026\/02\/dpc-500d-limpia-v3-1.png 940w, https:\/\/www.cachapet.com\/wp-content\/uploads\/2026\/02\/dpc-500d-limpia-v3-1-300x226.png 300w, https:\/\/www.cachapet.com\/wp-content\/uploads\/2026\/02\/dpc-500d-limpia-v3-1-768x578.png 768w\" sizes=\"auto, (max-width: 940px) 100vw, 940px\" \/><\/a>\n\n\n\n<h3 class=\"gb-text gb-text-bf801797\">Paper folding machine<\/h3>\n\n\n\n<p>Machine for twisting paper of different sizes and qualities and winding it onto large spools.<\/p>\n\n\n\n<a class=\"gb-text gb-text-e3956b6a\" href=\"http:\/\/www.cachapet.com\/index.php\/dpc-500\/\">View folding machine<\/a>\n<\/div>\n<\/div>\n<\/div>","protected":false},"excerpt":{"rendered":"<p>Maquinaria industrial para el sector textil Dise\u00f1o y fabricaci\u00f3n de maquinaria propia y soluciones adaptadas a cada proceso productivo. Fabricaci\u00f3n de maquinaria. Dise\u00f1amos y fabricamos maquinaria industrial orientada principalmente al sector textil y de cordeler\u00eda.Desarrollamos equipos propios y realizamos adaptaciones, reformas y mejoras sobre m\u00e1quinas existentes, priorizando fiabilidad, facilidad de mantenimiento y producci\u00f3n estable. Dise\u00f1amos &#8230; <a title=\"Machinery\" class=\"read-more\" href=\"https:\/\/www.cachapet.com\/en\/fabricacion-de-maquinaria\/\" aria-label=\"Read more about Maquinaria\">Read more<\/a><\/p>","protected":false},"author":1,"featured_media":0,"parent":0,"menu_order":0,"comment_status":"closed","ping_status":"closed","template":"","meta":{"inline_featured_image":false,"_uag_custom_page_level_css":"","footnotes":""},"class_list":["post-12","page","type-page","status-publish"],"uagb_featured_image_src":{"full":false,"thumbnail":false,"medium":false,"medium_large":false,"large":false,"1536x1536":false,"2048x2048":false,"trp-custom-language-flag":false},"uagb_author_info":{"display_name":"admin8566","author_link":"https:\/\/www.cachapet.com\/en\/author\/admin8566\/"},"uagb_comment_info":0,"uagb_excerpt":"Maquinaria industrial para el sector textil Dise\u00f1o y fabricaci\u00f3n de maquinaria propia y soluciones adaptadas a cada proceso productivo. Fabricaci\u00f3n de maquinaria. Dise\u00f1amos y fabricamos maquinaria industrial orientada principalmente al sector textil y de cordeler\u00eda.Desarrollamos equipos propios y realizamos adaptaciones, reformas y mejoras sobre m\u00e1quinas existentes, priorizando fiabilidad, facilidad de mantenimiento y producci\u00f3n estable. Dise\u00f1amos&hellip;","_links":{"self":[{"href":"https:\/\/www.cachapet.com\/en\/wp-json\/wp\/v2\/pages\/12","targetHints":{"allow":["GET"]}}],"collection":[{"href":"https:\/\/www.cachapet.com\/en\/wp-json\/wp\/v2\/pages"}],"about":[{"href":"https:\/\/www.cachapet.com\/en\/wp-json\/wp\/v2\/types\/page"}],"author":[{"embeddable":true,"href":"https:\/\/www.cachapet.com\/en\/wp-json\/wp\/v2\/users\/1"}],"replies":[{"embeddable":true,"href":"https:\/\/www.cachapet.com\/en\/wp-json\/wp\/v2\/comments?post=12"}],"version-history":[{"count":99,"href":"https:\/\/www.cachapet.com\/en\/wp-json\/wp\/v2\/pages\/12\/revisions"}],"predecessor-version":[{"id":2809,"href":"https:\/\/www.cachapet.com\/en\/wp-json\/wp\/v2\/pages\/12\/revisions\/2809"}],"wp:attachment":[{"href":"https:\/\/www.cachapet.com\/en\/wp-json\/wp\/v2\/media?parent=12"}],"curies":[{"name":"wp","href":"https:\/\/api.w.org\/{rel}","templated":true}]}}