{"id":1202,"date":"2025-12-25T12:11:40","date_gmt":"2025-12-25T11:11:40","guid":{"rendered":"http:\/\/www.cachapet.com\/?page_id=1202"},"modified":"2026-04-24T09:31:24","modified_gmt":"2026-04-24T07:31:24","slug":"cabezal-unico","status":"publish","type":"page","link":"https:\/\/www.cachapet.com\/en\/cabezal-unico\/","title":{"rendered":"Single head"},"content":{"rendered":"<div class=\"gb-element-5d23225f\">\n<div>\n<h2 class=\"gb-text gb-text-57fbd7be\">Single-head winders<\/h2>\n\n\n\n<p>Two models designed for different bobbin sizes and industrial applications.<\/p>\n<\/div>\n\n\n\n<div class=\"gb-element-b48d8925\">\n<div class=\"gb-element-d8da1d5d\">\n<a href=\"http:\/\/www.cachapet.com\/index.php\/bspc-350d\/\"><img loading=\"lazy\" decoding=\"async\" width=\"450\" height=\"460\" class=\"gb-media-3dcec510\" alt=\"\" src=\"http:\/\/www.cachapet.com\/wp-content\/uploads\/2025\/12\/bg3-1.jpg\" title=\"bg3\" srcset=\"https:\/\/www.cachapet.com\/wp-content\/uploads\/2025\/12\/bg3-1.jpg 450w, https:\/\/www.cachapet.com\/wp-content\/uploads\/2025\/12\/bg3-1-293x300.jpg 293w\" sizes=\"auto, (max-width: 450px) 100vw, 450px\" \/><\/a>\n\n\n\n<h3 class=\"gb-text gb-text-17e857a3\">BSPC-350D<\/h3>\n\n\n\n<p class=\"has-contrast-2-color has-text-color has-link-color wp-elements-4b5ad548ede13f869aa6b626c0041067\">Winder designed for the production of bobbins of yarn, rope and technical materials up to 450 mm in diameter.<br><\/p>\n\n\n\n<a class=\"gb-text gb-text-8835c92d\" href=\"http:\/\/www.cachapet.com\/index.php\/bspc-350d\/\">More information<\/a>\n<\/div>\n\n\n\n<div class=\"gb-element-25dd6bf4\">\n<a href=\"http:\/\/www.cachapet.com\/index.php\/bspc-500d\/\"><img loading=\"lazy\" decoding=\"async\" width=\"2560\" height=\"1704\" class=\"gb-media-a3a7f992\" alt=\"\" src=\"http:\/\/www.cachapet.com\/wp-content\/uploads\/2025\/12\/500d-scaled.jpg\" title=\"SONY DSC\" srcset=\"https:\/\/www.cachapet.com\/wp-content\/uploads\/2025\/12\/500d-scaled.jpg 2560w, https:\/\/www.cachapet.com\/wp-content\/uploads\/2025\/12\/500d-300x200.jpg 300w, https:\/\/www.cachapet.com\/wp-content\/uploads\/2025\/12\/500d-1024x681.jpg 1024w, https:\/\/www.cachapet.com\/wp-content\/uploads\/2025\/12\/500d-768x511.jpg 768w, https:\/\/www.cachapet.com\/wp-content\/uploads\/2025\/12\/500d-1536x1022.jpg 1536w, https:\/\/www.cachapet.com\/wp-content\/uploads\/2025\/12\/500d-2048x1363.jpg 2048w\" sizes=\"auto, (max-width: 2560px) 100vw, 2560px\" \/><\/a>\n\n\n\n<h3 class=\"gb-text gb-text-78bfb5e5\">BSPC-500D<\/h3>\n\n\n\n<p class=\"has-contrast-2-color has-text-color has-link-color wp-elements-64226c523511e08a8992a7e41052d354\">Winder designed for the production of bobbins of rope and technical materials (twisted paper) up to 640 mm in diameter.<\/p>\n\n\n\n<a class=\"gb-text gb-text-3ffc5312\" href=\"http:\/\/www.cachapet.com\/index.php\/bspc-500d\/\">More information<\/a>\n<\/div>\n<\/div>\n<\/div>","protected":false},"excerpt":{"rendered":"<p>Bobinadoras de cabezal unico Dos modelos dise\u00f1ados para diferentes tama\u00f1os de bobina y aplicaciones industriales. BSPC-350D Bobinadora dise\u00f1ada para la fabricaci\u00f3n de bobinas de hilo, cuerda y materiales t\u00e9cnicos de hasta 450 mm, de di\u00e1metro. Mas informaci\u00f3n BSPC-500D Bobinadora dise\u00f1ada para la fabricaci\u00f3n de bobinas de cuerda y materiales t\u00e9cnicos (papel torcido) de hasta 640 &#8230; <a title=\"Single head\" class=\"read-more\" href=\"https:\/\/www.cachapet.com\/en\/cabezal-unico\/\" aria-label=\"Read more about CABEZAL UNICO\">Read more<\/a><\/p>","protected":false},"author":1,"featured_media":0,"parent":0,"menu_order":0,"comment_status":"closed","ping_status":"closed","template":"","meta":{"inline_featured_image":false,"_uag_custom_page_level_css":"","footnotes":""},"class_list":["post-1202","page","type-page","status-publish"],"uagb_featured_image_src":{"full":false,"thumbnail":false,"medium":false,"medium_large":false,"large":false,"1536x1536":false,"2048x2048":false,"trp-custom-language-flag":false},"uagb_author_info":{"display_name":"admin8566","author_link":"https:\/\/www.cachapet.com\/en\/author\/admin8566\/"},"uagb_comment_info":0,"uagb_excerpt":"Bobinadoras de cabezal unico Dos modelos dise\u00f1ados para diferentes tama\u00f1os de bobina y aplicaciones industriales. BSPC-350D Bobinadora dise\u00f1ada para la fabricaci\u00f3n de bobinas de hilo, cuerda y materiales t\u00e9cnicos de hasta 450 mm, de di\u00e1metro. Mas informaci\u00f3n BSPC-500D Bobinadora dise\u00f1ada para la fabricaci\u00f3n de bobinas de cuerda y materiales t\u00e9cnicos (papel torcido) de hasta 640&hellip;","_links":{"self":[{"href":"https:\/\/www.cachapet.com\/en\/wp-json\/wp\/v2\/pages\/1202","targetHints":{"allow":["GET"]}}],"collection":[{"href":"https:\/\/www.cachapet.com\/en\/wp-json\/wp\/v2\/pages"}],"about":[{"href":"https:\/\/www.cachapet.com\/en\/wp-json\/wp\/v2\/types\/page"}],"author":[{"embeddable":true,"href":"https:\/\/www.cachapet.com\/en\/wp-json\/wp\/v2\/users\/1"}],"replies":[{"embeddable":true,"href":"https:\/\/www.cachapet.com\/en\/wp-json\/wp\/v2\/comments?post=1202"}],"version-history":[{"count":16,"href":"https:\/\/www.cachapet.com\/en\/wp-json\/wp\/v2\/pages\/1202\/revisions"}],"predecessor-version":[{"id":2867,"href":"https:\/\/www.cachapet.com\/en\/wp-json\/wp\/v2\/pages\/1202\/revisions\/2867"}],"wp:attachment":[{"href":"https:\/\/www.cachapet.com\/en\/wp-json\/wp\/v2\/media?parent=1202"}],"curies":[{"name":"wp","href":"https:\/\/api.w.org\/{rel}","templated":true}]}}