{"id":14,"date":"2025-12-02T18:25:12","date_gmt":"2025-12-02T17:25:12","guid":{"rendered":"http:\/\/www.cachapet.com\/?page_id=14"},"modified":"2025-12-30T21:39:15","modified_gmt":"2025-12-30T20:39:15","slug":"repuestos","status":"publish","type":"page","link":"https:\/\/www.cachapet.com\/en\/repuestos\/","title":{"rendered":"Spare Parts"},"content":{"rendered":"<div class=\"gb-element-5d23225f\">\n<div>\n<h1 class=\"gb-text gb-text-510264e8\">Repuestos para maquinaria industrial<\/h1>\n\n\n\n<p class=\"gb-text\">Disponemos de un amplio stock de repuestos para nuestras m\u00e1quinas y para maquinaria industrial en general. Suministramos componentes mec\u00e1nicos, el\u00e9ctricos y de desgaste habituales en entornos productivos industriales.<\/p>\n<\/div>\n\n\n\n<div>\n<h2 class=\"gb-text gb-text-f288fda0\">Repuestos originales para maquinaria Cachapet<\/h2>\n\n\n\n<p class=\"gb-text\">Suministramos repuestos originales para todas nuestras m\u00e1quinas, garantizando compatibilidad, fiabilidad y una r\u00e1pida reposici\u00f3n para minimizar paradas de producci\u00f3n.<\/p>\n\n\n\n<ul class=\"wp-block-list\">\n<li>Componentes mec\u00e1nicos y estructurales<\/li>\n\n\n\n<li>Ejes, gu\u00edas, husillos y sistemas de arrastre<\/li>\n\n\n\n<li>Sistemas de guiado y emparejado<\/li>\n\n\n\n<li>Elementos de transmisi\u00f3n y desgaste<\/li>\n\n\n\n<li>Pulsater\u00edas, sensores y elementos de control<\/li>\n<\/ul>\n<\/div>\n\n\n\n<div>\n<h2 class=\"gb-text gb-text-8db2ba2f\">Repuestos para maquinaria industrial<\/h2>\n\n\n\n<p class=\"gb-text\">Adem\u00e1s de los repuestos propios, suministramos componentes est\u00e1ndar utilizados en maquinaria industrial de distintos sectores.<\/p>\n\n\n\n<ul class=\"wp-block-list\">\n<li>Correas industriales<\/li>\n\n\n\n<li>Rodamientos<\/li>\n\n\n\n<li>Muelles<\/li>\n\n\n\n<li>Porcelanas y aislantes<\/li>\n\n\n\n<li>Variadores de frecuencia<\/li>\n\n\n\n<li>Motores y componentes el\u00e9ctricos<\/li>\n\n\n\n<li>Pulsadores, setas de emergencia y maniobra<\/li>\n<\/ul>\n<\/div>\n\n\n\n<div class=\"gb-element-eaae076a\"><div class=\"wp-block-image\">\n<figure class=\"aligncenter size-large\"><img loading=\"lazy\" decoding=\"async\" width=\"1024\" height=\"681\" src=\"http:\/\/www.cachapet.com\/wp-content\/uploads\/2025\/12\/DSC08518-1024x681.jpg\" alt=\"\" class=\"wp-image-1610\" style=\"aspect-ratio:16\/9;object-fit:cover\" srcset=\"https:\/\/www.cachapet.com\/wp-content\/uploads\/2025\/12\/DSC08518-1024x681.jpg 1024w, https:\/\/www.cachapet.com\/wp-content\/uploads\/2025\/12\/DSC08518-300x200.jpg 300w, https:\/\/www.cachapet.com\/wp-content\/uploads\/2025\/12\/DSC08518-768x511.jpg 768w, https:\/\/www.cachapet.com\/wp-content\/uploads\/2025\/12\/DSC08518-1536x1022.jpg 1536w, https:\/\/www.cachapet.com\/wp-content\/uploads\/2025\/12\/DSC08518-2048x1363.jpg 2048w\" sizes=\"auto, (max-width: 1024px) 100vw, 1024px\" \/><\/figure>\n<\/div><\/div>\n\n\n\n<p class=\"gb-text gb-text-ee435aa9\">Stock de repuestos y componentes industriales habituales.<\/p>\n\n\n\n<div>\n<h2 class=\"gb-text gb-text-0b6f0b82\">Solicitud de repuestos<\/h2>\n\n\n\n<p class=\"gb-text\">Para solicitar repuestos, ind\u00edquenos el modelo de m\u00e1quina, el n\u00famero de serie (si procede) y el componente requerido. Nuestro equipo t\u00e9cnico le asesorar\u00e1 para identificar la pieza correcta y agilizar el suministro.<\/p>\n\n\n\n<a class=\"gb-text gb-text-8835c92d\" href=\"https:\/\/www.cachapet.com\/index.php\/solicitud-de-servicio-tecnico\/\"><strong>Request spare parts<\/strong><\/a>\n\n\n\n<p class=\"gb-text\">Para consultas urgentes o identificaci\u00f3n r\u00e1pida de repuestos, puede contactar directamente con nosotros por tel\u00e9fono.<\/p>\n\n\n\n<div class=\"wp-block-uagb-info-box uagb-block-7525aaab uagb-infobox__content-wrap  uagb-infobox-icon-left-title uagb-infobox-left uagb-infobox-image-valign-top\"><div class=\"uagb-ifb-content\"><div class=\"uagb-ifb-left-title-image\"><div class=\"uagb-ifb-icon-wrap\"><svg xmlns=\"https:\/\/www.w3.org\/2000\/svg\" viewbox=\"0 0 512 512\"><path d=\"M511.2 387l-23.25 100.8c-3.266 14.25-15.79 24.22-30.46 24.22C205.2 512 0 306.8 0 54.5c0-14.66 9.969-27.2 24.22-30.45l100.8-23.25C139.7-2.602 154.7 5.018 160.8 18.92l46.52 108.5c5.438 12.78 1.77 27.67-8.98 36.45L144.5 207.1c33.98 69.22 90.26 125.5 159.5 159.5l44.08-53.8c8.688-10.78 23.69-14.51 36.47-8.975l108.5 46.51C506.1 357.2 514.6 372.4 511.2 387z\"><\/path><\/svg><\/div><div class=\"uagb-ifb-title-wrap\"><h3 class=\"uagb-ifb-title\"> 96 540 54 64  \/  96 540 43 70<\/h3><\/div><\/div><\/div><\/div>\n<\/div>\n<\/div>","protected":false},"excerpt":{"rendered":"<p>Repuestos para maquinaria industrial Disponemos de un amplio stock de repuestos para nuestras m\u00e1quinas y para maquinaria industrial en general. Suministramos componentes mec\u00e1nicos, el\u00e9ctricos y de desgaste habituales en entornos productivos industriales. Repuestos originales para maquinaria Cachapet Suministramos repuestos originales para todas nuestras m\u00e1quinas, garantizando compatibilidad, fiabilidad y una r\u00e1pida reposici\u00f3n para minimizar paradas de &#8230; <a title=\"Spare Parts\" class=\"read-more\" href=\"https:\/\/www.cachapet.com\/en\/repuestos\/\" aria-label=\"Read more about Repuestos\">Read more<\/a><\/p>","protected":false},"author":1,"featured_media":0,"parent":0,"menu_order":0,"comment_status":"closed","ping_status":"closed","template":"","meta":{"inline_featured_image":false,"_uag_custom_page_level_css":"","footnotes":""},"class_list":["post-14","page","type-page","status-publish"],"uagb_featured_image_src":{"full":false,"thumbnail":false,"medium":false,"medium_large":false,"large":false,"1536x1536":false,"2048x2048":false,"trp-custom-language-flag":false},"uagb_author_info":{"display_name":"admin8566","author_link":"https:\/\/www.cachapet.com\/en\/author\/admin8566\/"},"uagb_comment_info":0,"uagb_excerpt":"Repuestos para maquinaria industrial Disponemos de un amplio stock de repuestos para nuestras m\u00e1quinas y para maquinaria industrial en general. Suministramos componentes mec\u00e1nicos, el\u00e9ctricos y de desgaste habituales en entornos productivos industriales. Repuestos originales para maquinaria Cachapet Suministramos repuestos originales para todas nuestras m\u00e1quinas, garantizando compatibilidad, fiabilidad y una r\u00e1pida reposici\u00f3n para minimizar paradas de&hellip;","_links":{"self":[{"href":"https:\/\/www.cachapet.com\/en\/wp-json\/wp\/v2\/pages\/14","targetHints":{"allow":["GET"]}}],"collection":[{"href":"https:\/\/www.cachapet.com\/en\/wp-json\/wp\/v2\/pages"}],"about":[{"href":"https:\/\/www.cachapet.com\/en\/wp-json\/wp\/v2\/types\/page"}],"author":[{"embeddable":true,"href":"https:\/\/www.cachapet.com\/en\/wp-json\/wp\/v2\/users\/1"}],"replies":[{"embeddable":true,"href":"https:\/\/www.cachapet.com\/en\/wp-json\/wp\/v2\/comments?post=14"}],"version-history":[{"count":16,"href":"https:\/\/www.cachapet.com\/en\/wp-json\/wp\/v2\/pages\/14\/revisions"}],"predecessor-version":[{"id":2087,"href":"https:\/\/www.cachapet.com\/en\/wp-json\/wp\/v2\/pages\/14\/revisions\/2087"}],"wp:attachment":[{"href":"https:\/\/www.cachapet.com\/en\/wp-json\/wp\/v2\/media?parent=14"}],"curies":[{"name":"wp","href":"https:\/\/api.w.org\/{rel}","templated":true}]}}