{"id":1407,"date":"2025-12-26T15:31:33","date_gmt":"2025-12-26T14:31:33","guid":{"rendered":"https:\/\/www.cachapet.com\/?page_id=1407"},"modified":"2026-03-09T15:46:59","modified_gmt":"2026-03-09T14:46:59","slug":"encarretadoras","status":"publish","type":"page","link":"https:\/\/www.cachapet.com\/en\/encarretadoras\/","title":{"rendered":"Spoolers"},"content":{"rendered":"<div class=\"gb-element-7b2e2e49\">\n<div class=\"gb-element-f29ba258\"><\/div>\n\n\n\n<div class=\"gb-element-6fde6040\">\n<h1 class=\"gb-text gb-text-f5d06ae1\">Encarretadoras industriales<\/h1>\n\n\n\n<p>Maquinas industriales para el llenado preciso de carretes de hilo y materiales t\u00e9cnicos<\/p>\n<\/div>\n\n\n\n<div class=\"gb-element-17422ad8\">\n<p><strong>Encarretadoras industriales<\/strong><br>M\u00e1quinas dise\u00f1adas para el llenado preciso de carretes destinados a procesos de trenzado y fabricaci\u00f3n de cordones, cuerdas y productos t\u00e9cnicos. Equipos robustos, compactos y adaptables a distintos formatos de carrete y materiales.<\/p>\n\n\n\n<div class=\"gb-element-b2166125\">\n<div class=\"gb-element-d8da1d5d\">\n<a href=\"https:\/\/www.cachapet.com\/index.php\/bsc-8-300\/\"><img loading=\"lazy\" decoding=\"async\" width=\"1672\" height=\"2560\" class=\"gb-media-3dcec510\" alt=\"\" src=\"http:\/\/www.cachapet.com\/wp-content\/uploads\/2025\/12\/BSC8300-1-scaled.jpg\" title=\"BSC8300\" srcset=\"https:\/\/www.cachapet.com\/wp-content\/uploads\/2025\/12\/BSC8300-1-scaled.jpg 1672w, https:\/\/www.cachapet.com\/wp-content\/uploads\/2025\/12\/BSC8300-1-196x300.jpg 196w, https:\/\/www.cachapet.com\/wp-content\/uploads\/2025\/12\/BSC8300-1-669x1024.jpg 669w, https:\/\/www.cachapet.com\/wp-content\/uploads\/2025\/12\/BSC8300-1-768x1176.jpg 768w, https:\/\/www.cachapet.com\/wp-content\/uploads\/2025\/12\/BSC8300-1-1003x1536.jpg 1003w, https:\/\/www.cachapet.com\/wp-content\/uploads\/2025\/12\/BSC8300-1-1337x2048.jpg 1337w\" sizes=\"auto, (max-width: 1672px) 100vw, 1672px\" \/><\/a>\n\n\n\n<h3 class=\"gb-text gb-text-17e857a3\">Encarretadora de 8 carretes<\/h3>\n\n\n\n<p class=\"has-contrast-2-color has-text-color has-link-color wp-elements-793efc9312689bf53638be43d794f26b\">Encarretadora industrial de alta productividad, preparada para el llenado simult\u00e1neo de hasta ocho carretes. Especialmente indicada para procesos continuos en l\u00edneas de trenzado, optimizando el rendimiento y la repetitividad del proceso con un control preciso de velocidad y tensi\u00f3n del hilo.<\/p>\n\n\n\n<a class=\"gb-text gb-text-8835c92d\" href=\"https:\/\/www.cachapet.com\/index.php\/bsc-8-300\/\">Ver modelos<\/a>\n<\/div>\n\n\n\n<div class=\"gb-element-2f7de8d7\">\n<a href=\"https:\/\/www.cachapet.com\/index.php\/bsc-4-320\/\"><img loading=\"lazy\" decoding=\"async\" width=\"1024\" height=\"1536\" class=\"gb-media-de7f73e7\" alt=\"\" src=\"http:\/\/www.cachapet.com\/wp-content\/uploads\/2026\/01\/4.jpeg\" title=\"4\" srcset=\"https:\/\/www.cachapet.com\/wp-content\/uploads\/2026\/01\/4.jpeg 1024w, https:\/\/www.cachapet.com\/wp-content\/uploads\/2026\/01\/4-200x300.jpeg 200w, https:\/\/www.cachapet.com\/wp-content\/uploads\/2026\/01\/4-683x1024.jpeg 683w, https:\/\/www.cachapet.com\/wp-content\/uploads\/2026\/01\/4-768x1152.jpeg 768w\" sizes=\"auto, (max-width: 1024px) 100vw, 1024px\" \/><\/a>\n\n\n\n<h3 class=\"gb-text gb-text-e4a30284\">Encarretadora de 4 carretes<\/h3>\n\n\n\n<p class=\"has-contrast-2-color has-text-color has-link-color wp-elements-7f5ce27dc695e25b1776f8d79289627d\">Encarretadora industrial compacta dise\u00f1ada para el llenado preciso de carretes utilizados en trenzadoras industriales. Adecuada para una amplia variedad de materiales y formatos, con control de velocidad mediante variador de frecuencia y sistemas de ajuste de tensi\u00f3n para garantizar un bobinado uniforme y estable.<\/p>\n\n\n\n<a class=\"gb-text gb-text-c815ed46\" href=\"https:\/\/www.cachapet.com\/index.php\/bsc-4-320\/\">Ver modelos<\/a>\n<\/div>\n<\/div>\n<\/div>\n<\/div>","protected":false},"excerpt":{"rendered":"<p>Encarretadoras industriales Maquinas industriales para el llenado preciso de carretes de hilo y materiales t\u00e9cnicos Encarretadoras industrialesM\u00e1quinas dise\u00f1adas para el llenado preciso de carretes destinados a procesos de trenzado y fabricaci\u00f3n de cordones, cuerdas y productos t\u00e9cnicos. Equipos robustos, compactos y adaptables a distintos formatos de carrete y materiales. Encarretadora de 8 carretes Encarretadora industrial &#8230; <a title=\"Spoolers\" class=\"read-more\" href=\"https:\/\/www.cachapet.com\/en\/encarretadoras\/\" aria-label=\"Read more about Encarretadoras\">Read more<\/a><\/p>","protected":false},"author":1,"featured_media":0,"parent":0,"menu_order":0,"comment_status":"closed","ping_status":"closed","template":"","meta":{"inline_featured_image":false,"_uag_custom_page_level_css":"","footnotes":""},"class_list":["post-1407","page","type-page","status-publish"],"uagb_featured_image_src":{"full":false,"thumbnail":false,"medium":false,"medium_large":false,"large":false,"1536x1536":false,"2048x2048":false,"trp-custom-language-flag":false},"uagb_author_info":{"display_name":"admin8566","author_link":"https:\/\/www.cachapet.com\/en\/author\/admin8566\/"},"uagb_comment_info":0,"uagb_excerpt":"Encarretadoras industriales Maquinas industriales para el llenado preciso de carretes de hilo y materiales t\u00e9cnicos Encarretadoras industrialesM\u00e1quinas dise\u00f1adas para el llenado preciso de carretes destinados a procesos de trenzado y fabricaci\u00f3n de cordones, cuerdas y productos t\u00e9cnicos. Equipos robustos, compactos y adaptables a distintos formatos de carrete y materiales. Encarretadora de 8 carretes Encarretadora industrial&hellip;","_links":{"self":[{"href":"https:\/\/www.cachapet.com\/en\/wp-json\/wp\/v2\/pages\/1407","targetHints":{"allow":["GET"]}}],"collection":[{"href":"https:\/\/www.cachapet.com\/en\/wp-json\/wp\/v2\/pages"}],"about":[{"href":"https:\/\/www.cachapet.com\/en\/wp-json\/wp\/v2\/types\/page"}],"author":[{"embeddable":true,"href":"https:\/\/www.cachapet.com\/en\/wp-json\/wp\/v2\/users\/1"}],"replies":[{"embeddable":true,"href":"https:\/\/www.cachapet.com\/en\/wp-json\/wp\/v2\/comments?post=1407"}],"version-history":[{"count":61,"href":"https:\/\/www.cachapet.com\/en\/wp-json\/wp\/v2\/pages\/1407\/revisions"}],"predecessor-version":[{"id":2836,"href":"https:\/\/www.cachapet.com\/en\/wp-json\/wp\/v2\/pages\/1407\/revisions\/2836"}],"wp:attachment":[{"href":"https:\/\/www.cachapet.com\/en\/wp-json\/wp\/v2\/media?parent=1407"}],"curies":[{"name":"wp","href":"https:\/\/api.w.org\/{rel}","templated":true}]}}