{"id":1451,"date":"2025-12-26T16:44:09","date_gmt":"2025-12-26T15:44:09","guid":{"rendered":"https:\/\/www.cachapet.com\/?page_id=1451"},"modified":"2026-03-09T15:46:01","modified_gmt":"2026-03-09T14:46:01","slug":"recogedores-de-cuerda","status":"publish","type":"page","link":"https:\/\/www.cachapet.com\/en\/recogedores-de-cuerda\/","title":{"rendered":"Rope take-up machines"},"content":{"rendered":"<div class=\"gb-element-13a4660a\">\n<div class=\"gb-element-f29ba258\"><\/div>\n\n\n\n<div class=\"gb-element-6fde6040\">\n<h1 class=\"gb-text gb-text-f5d06ae1\">Rope take-up machines<\/h1>\n\n\n\n\n\n<p class=\"gb-text\">M\u00e1quinas industriales para la recogida y control de cuerda en procesos continuos<\/p>\n<\/div>\n\n\n\n<div class=\"gb-element-17422ad8\">\n<p>Los <strong>recogedores de cuerda industriales<\/strong> de Cachapet est\u00e1n concebidos para garantizar una recogida estable y controlada en procesos continuos de fabricaci\u00f3n. Equipos fiables y robustos, dise\u00f1ados para trabajar con distintos materiales y formatos de carrete, asegurando regularidad, precisi\u00f3n y productividad.<\/p>\n\n\n\n<div class=\"gb-element-b2166125\">\n<div class=\"gb-element-d8da1d5d\">\n<a href=\"https:\/\/www.cachapet.com\/index.php\/pcpc-400\/\"><img loading=\"lazy\" decoding=\"async\" width=\"1095\" height=\"1024\" class=\"gb-media-3dcec510\" alt=\"\" src=\"http:\/\/www.cachapet.com\/wp-content\/uploads\/2026\/01\/pcpc-400X-v2.jpg\" title=\"pcpc-400X v2\" srcset=\"https:\/\/www.cachapet.com\/wp-content\/uploads\/2026\/01\/pcpc-400X-v2.jpg 1095w, https:\/\/www.cachapet.com\/wp-content\/uploads\/2026\/01\/pcpc-400X-v2-300x281.jpg 300w, https:\/\/www.cachapet.com\/wp-content\/uploads\/2026\/01\/pcpc-400X-v2-1024x958.jpg 1024w, https:\/\/www.cachapet.com\/wp-content\/uploads\/2026\/01\/pcpc-400X-v2-768x718.jpg 768w\" sizes=\"auto, (max-width: 1095px) 100vw, 1095px\" \/><\/a>\n\n\n\n<h3 class=\"gb-text gb-text-17e857a3\">PCPC-400 <\/h3>\n\n\n\n<p class=\"has-contrast-2-color has-text-color has-link-color wp-elements-2f9bb56bd9b80e7e4f05adc8f3284598\">Recogedor de cuerda industrial con regulaci\u00f3n manual.Dise\u00f1ado para procesos de recogida sencillos y estables.Soluci\u00f3n robusta y fiable para producci\u00f3n continua.<\/p>\n\n\n\n<a class=\"gb-text gb-text-8835c92d\" href=\"https:\/\/www.cachapet.com\/index.php\/pcpc-400\/\">Ver modelos<\/a>\n<\/div>\n\n\n\n<div class=\"gb-element-2f7de8d7\">\n<a href=\"https:\/\/www.cachapet.com\/index.php\/pcpc-400d\/\"><img loading=\"lazy\" decoding=\"async\" width=\"2415\" height=\"2560\" class=\"gb-media-de7f73e7\" alt=\"\" src=\"http:\/\/www.cachapet.com\/wp-content\/uploads\/2025\/12\/pcpc400d-1-scaled.jpg\" title=\"pcpc400d\" srcset=\"https:\/\/www.cachapet.com\/wp-content\/uploads\/2025\/12\/pcpc400d-1-scaled.jpg 2415w, https:\/\/www.cachapet.com\/wp-content\/uploads\/2025\/12\/pcpc400d-1-283x300.jpg 283w, https:\/\/www.cachapet.com\/wp-content\/uploads\/2025\/12\/pcpc400d-1-966x1024.jpg 966w, https:\/\/www.cachapet.com\/wp-content\/uploads\/2025\/12\/pcpc400d-1-768x814.jpg 768w, https:\/\/www.cachapet.com\/wp-content\/uploads\/2025\/12\/pcpc400d-1-1449x1536.jpg 1449w, https:\/\/www.cachapet.com\/wp-content\/uploads\/2025\/12\/pcpc400d-1-1932x2048.jpg 1932w\" sizes=\"auto, (max-width: 2415px) 100vw, 2415px\" \/><\/a>\n\n\n\n<h3 class=\"gb-text gb-text-e4a30284\">PCPC-400D<\/h3>\n\n\n\n<p class=\"has-contrast-2-color has-text-color has-link-color wp-elements-5264400378cca9e1dacccd0be06ab6fc\">Recogedor de cuerda industrial programable con control autom\u00e1tico. Permite ajustes precisos de velocidad y tensi\u00f3n desde pantalla t\u00e1ctil.<br>Ideal para producciones exigentes y cambios frecuentes de formato.<\/p>\n\n\n\n<a class=\"gb-text gb-text-c815ed46\" href=\"https:\/\/www.cachapet.com\/index.php\/pcpc-400d\/\">Ver modelos<\/a>\n<\/div>\n\n\n\n<div class=\"gb-element-b9a1c5a2\">\n<a href=\"https:\/\/www.cachapet.com\/index.php\/pcpc-400-2\/\"><img loading=\"lazy\" decoding=\"async\" width=\"1024\" height=\"1024\" class=\"gb-media-a7858e95\" alt=\"\" src=\"http:\/\/www.cachapet.com\/wp-content\/uploads\/2026\/01\/pcpc-400-2-v2.jpg\" title=\"pcpc-400-2 v2\" srcset=\"https:\/\/www.cachapet.com\/wp-content\/uploads\/2026\/01\/pcpc-400-2-v2.jpg 1024w, https:\/\/www.cachapet.com\/wp-content\/uploads\/2026\/01\/pcpc-400-2-v2-300x300.jpg 300w, https:\/\/www.cachapet.com\/wp-content\/uploads\/2026\/01\/pcpc-400-2-v2-150x150.jpg 150w, https:\/\/www.cachapet.com\/wp-content\/uploads\/2026\/01\/pcpc-400-2-v2-768x768.jpg 768w\" sizes=\"auto, (max-width: 1024px) 100vw, 1024px\" \/><\/a>\n\n\n\n<h3 class=\"gb-text gb-text-9da2a5a1\">PCPC-400-2<\/h3>\n\n\n\n<p class=\"has-contrast-2-color has-text-color has-link-color wp-elements-573b95ff4db7399bce7f56c51ebd5eb0\">Recogedor de cuerda para extrusi\u00f3n continua industrial de doble carrete para l\u00edneas de extrusi\u00f3n. Permite el cambio de carrete sin detener la producci\u00f3n. Dise\u00f1ado para procesos continuos de alta estabilidad.<\/p>\n\n\n\n<a class=\"gb-text gb-text-f855b4a8\" href=\"https:\/\/www.cachapet.com\/index.php\/pcpc-400-2\/\">Ver modelos<\/a>\n<\/div>\n<\/div>\n<\/div>\n<\/div>","protected":false},"excerpt":{"rendered":"<p>Recogedores de cuerda M\u00e1quinas industriales para la recogida y control de cuerda en procesos continuos Los recogedores de cuerda industriales de Cachapet est\u00e1n concebidos para garantizar una recogida estable y controlada en procesos continuos de fabricaci\u00f3n. Equipos fiables y robustos, dise\u00f1ados para trabajar con distintos materiales y formatos de carrete, asegurando regularidad, precisi\u00f3n y productividad. &#8230; <a title=\"Rope take-up machines\" class=\"read-more\" href=\"https:\/\/www.cachapet.com\/en\/recogedores-de-cuerda\/\" aria-label=\"Read more about Recogedores de cuerda\">Read more<\/a><\/p>","protected":false},"author":1,"featured_media":0,"parent":0,"menu_order":0,"comment_status":"closed","ping_status":"closed","template":"","meta":{"inline_featured_image":false,"_uag_custom_page_level_css":"","footnotes":""},"class_list":["post-1451","page","type-page","status-publish"],"uagb_featured_image_src":{"full":false,"thumbnail":false,"medium":false,"medium_large":false,"large":false,"1536x1536":false,"2048x2048":false,"trp-custom-language-flag":false},"uagb_author_info":{"display_name":"admin8566","author_link":"https:\/\/www.cachapet.com\/en\/author\/admin8566\/"},"uagb_comment_info":0,"uagb_excerpt":"Recogedores de cuerda M\u00e1quinas industriales para la recogida y control de cuerda en procesos continuos Los recogedores de cuerda industriales de Cachapet est\u00e1n concebidos para garantizar una recogida estable y controlada en procesos continuos de fabricaci\u00f3n. Equipos fiables y robustos, dise\u00f1ados para trabajar con distintos materiales y formatos de carrete, asegurando regularidad, precisi\u00f3n y productividad.&hellip;","_links":{"self":[{"href":"https:\/\/www.cachapet.com\/en\/wp-json\/wp\/v2\/pages\/1451","targetHints":{"allow":["GET"]}}],"collection":[{"href":"https:\/\/www.cachapet.com\/en\/wp-json\/wp\/v2\/pages"}],"about":[{"href":"https:\/\/www.cachapet.com\/en\/wp-json\/wp\/v2\/types\/page"}],"author":[{"embeddable":true,"href":"https:\/\/www.cachapet.com\/en\/wp-json\/wp\/v2\/users\/1"}],"replies":[{"embeddable":true,"href":"https:\/\/www.cachapet.com\/en\/wp-json\/wp\/v2\/comments?post=1451"}],"version-history":[{"count":84,"href":"https:\/\/www.cachapet.com\/en\/wp-json\/wp\/v2\/pages\/1451\/revisions"}],"predecessor-version":[{"id":2834,"href":"https:\/\/www.cachapet.com\/en\/wp-json\/wp\/v2\/pages\/1451\/revisions\/2834"}],"wp:attachment":[{"href":"https:\/\/www.cachapet.com\/en\/wp-json\/wp\/v2\/media?parent=1451"}],"curies":[{"name":"wp","href":"https:\/\/api.w.org\/{rel}","templated":true}]}}