{"id":1575,"date":"2025-12-27T15:28:58","date_gmt":"2025-12-27T14:28:58","guid":{"rendered":"https:\/\/www.cachapet.com\/?page_id=1575"},"modified":"2026-01-17T19:58:21","modified_gmt":"2026-01-17T18:58:21","slug":"solicitud-de-servicio-tecnico","status":"publish","type":"page","link":"https:\/\/www.cachapet.com\/en\/solicitud-de-servicio-tecnico\/","title":{"rendered":"Technical service request"},"content":{"rendered":"\n<div class=\"gb-element-5d23225f\">\n<div class=\"gb-element-3c2bfdbf\">\n<div>\n<h1 class=\"gb-text gb-text-041bd42d\">Solicitud de servicio t\u00e9cnico o de repuestos<\/h1>\n\n\n\n<p class=\"gb-text gb-text-a9e0c727\">Utilice este formulario para solicitar asistencia t\u00e9cnica, mantenimiento, reparaci\u00f3n de maquinaria industrial o repuestos. Facilitar la mayor informaci\u00f3n posible nos ayudar\u00e1 a realizar un diagn\u00f3stico m\u00e1s r\u00e1pido y eficaz.<\/p>\n<\/div>\n\n\n\n<div>\n<h2 class=\"gb-text gb-text-73ff1dea\">Urgencias<\/h2>\n\n\n\n<h2 class=\"gb-text gb-text-a1c28113\">\u00bfNecesita asistencia t\u00e9cnica urgente?<\/h2>\n\n\n\n<p class=\"gb-text gb-text-5fbec17c\">Para incidencias urgentes, paradas de m\u00e1quina o situaciones que afecten a su producci\u00f3n, contacte directamente con nuestro servicio t\u00e9cnico.<br><br><\/p>\n\n\n\n<div class=\"wp-block-uagb-info-box uagb-block-7525aaab uagb-infobox__content-wrap  uagb-infobox-icon-left-title uagb-infobox-left uagb-infobox-image-valign-middle\"><div class=\"uagb-ifb-content\"><div class=\"uagb-ifb-left-title-image\"><div class=\"uagb-ifb-icon-wrap\"><svg xmlns=\"https:\/\/www.w3.org\/2000\/svg\" viewBox=\"0 0 512 512\"><path d=\"M511.2 387l-23.25 100.8c-3.266 14.25-15.79 24.22-30.46 24.22C205.2 512 0 306.8 0 54.5c0-14.66 9.969-27.2 24.22-30.45l100.8-23.25C139.7-2.602 154.7 5.018 160.8 18.92l46.52 108.5c5.438 12.78 1.77 27.67-8.98 36.45L144.5 207.1c33.98 69.22 90.26 125.5 159.5 159.5l44.08-53.8c8.688-10.78 23.69-14.51 36.47-8.975l108.5 46.51C506.1 357.2 514.6 372.4 511.2 387z\"><\/path><\/svg><\/div><div class=\"uagb-ifb-title-wrap\"><h3 class=\"uagb-ifb-title\"> 96 540 54 64  \/  96 540 43 70<\/h3><\/div><\/div><\/div><\/div>\n<\/div>\n<\/div>\n\n\n\n<div class=\"gb-element-91b06498\">\n<h2 class=\"gb-text gb-text-ac37c60f\">Solicitud de asistencia t\u00e9cnica, consultas o repuestos.<\/h2>\n\n\n\n<p class=\"gb-text gb-text-6594d36e\">Para incidencias no urgentes, mantenimiento programado, consultas t\u00e9cnicas o repuestos, complete el siguiente formulario.<br>Nuestro equipo se pondr\u00e1 en contacto con usted a la mayor brevedad posible.<br><br><\/p>\n\n\n<style id=\"wpforms-css-vars-1579-block-fe50afeb-908e-425d-8f87-e770a86ccb27\">\n\t\t\t\t#wpforms-1579.wpforms-block-fe50afeb-908e-425d-8f87-e770a86ccb27 {\n\t\t\t\t--wpforms-button-background-color: var(--contrast);\n--wpforms-field-size-input-height: 43px;\n--wpforms-field-size-input-spacing: 15px;\n--wpforms-field-size-font-size: 16px;\n--wpforms-field-size-line-height: 19px;\n--wpforms-field-size-padding-h: 14px;\n--wpforms-field-size-checkbox-size: 16px;\n--wpforms-field-size-sublabel-spacing: 5px;\n--wpforms-field-size-icon-size: 1;\n--wpforms-label-size-font-size: 16px;\n--wpforms-label-size-line-height: 19px;\n--wpforms-label-size-sublabel-font-size: 14px;\n--wpforms-label-size-sublabel-line-height: 17px;\n--wpforms-button-size-font-size: 17px;\n--wpforms-button-size-height: 41px;\n--wpforms-button-size-padding-h: 15px;\n--wpforms-button-size-margin-top: 10px;\n\t\t\t}\n\t\t\t<\/style><div class=\"wpforms-container wpforms-container-full wpforms-block wpforms-block-fe50afeb-908e-425d-8f87-e770a86ccb27 wpforms-render-modern\" id=\"wpforms-1579\"><form id=\"wpforms-form-1579\" class=\"wpforms-validate wpforms-form wpforms-ajax-form\" data-formid=\"1579\" method=\"post\" enctype=\"multipart\/form-data\" action=\"\/en\/wp-json\/wp\/v2\/pages\/1575\" data-token=\"0e4cee583e75a83d9e4db05afdb3751c\" data-token-time=\"1777470438\"><noscript class=\"wpforms-error-noscript\">Please enable JavaScript in your browser to complete this form.<\/noscript><div id=\"wpforms-error-noscript\" style=\"display: none;\">Please enable JavaScript in your browser to complete this form.<\/div><div class=\"wpforms-field-container\"><div id=\"wpforms-1579-field_8-container\" class=\"wpforms-field wpforms-field-select wpforms-field-select-style-classic\" data-field-id=\"8\"><label class=\"wpforms-field-label\" for=\"wpforms-1579-field_8\">Tipo de solicitud<\/label><select id=\"wpforms-1579-field_8\" class=\"wpforms-field-medium\" name=\"wpforms[fields][8]\"><option value=\"averia\"  class=\"choice-4 depth-1\"  >averia<\/option><option value=\"Repuesto\"  class=\"choice-2 depth-1\"  >Repuesto<\/option><option value=\"Consulta\"  selected='selected' class=\"choice-3 depth-1\"  >Consulta<\/option><\/select><\/div><div id=\"wpforms-1579-field_1-container\" class=\"wpforms-field wpforms-field-name\" data-field-id=\"1\"><fieldset><legend class=\"wpforms-field-label\">Nombre <span class=\"wpforms-required-label\" aria-hidden=\"true\">*<\/span><\/legend><div class=\"wpforms-field-row wpforms-field-medium\"><div class=\"wpforms-field-row-block wpforms-first wpforms-one-half\"><input type=\"text\" id=\"wpforms-1579-field_1\" class=\"wpforms-field-name-first wpforms-field-required\" name=\"wpforms[fields][1][first]\" aria-errormessage=\"wpforms-1579-field_1-error\" required><label for=\"wpforms-1579-field_1\" class=\"wpforms-field-sublabel after\">First<\/label><\/div><div class=\"wpforms-field-row-block wpforms-one-half\"><input type=\"text\" id=\"wpforms-1579-field_1-last\" class=\"wpforms-field-name-last wpforms-field-required\" name=\"wpforms[fields][1][last]\" aria-errormessage=\"wpforms-1579-field_1-last-error\" required><label for=\"wpforms-1579-field_1-last\" class=\"wpforms-field-sublabel after\">Last<\/label><\/div><\/div><\/fieldset><\/div><div id=\"wpforms-1579-field_2-container\" class=\"wpforms-field wpforms-field-email\" data-field-id=\"2\"><fieldset><legend class=\"wpforms-field-label\">Correo electr\u00f3nico <span class=\"wpforms-required-label\" aria-hidden=\"true\">*<\/span><\/legend><div class=\"wpforms-field-row wpforms-field-medium\"><div class=\"wpforms-field-row-block wpforms-one-half wpforms-first\"><input type=\"email\" id=\"wpforms-1579-field_2\" class=\"wpforms-field-required wpforms-field-email-primary\" name=\"wpforms[fields][2][primary]\" spellcheck=\"false\" aria-errormessage=\"wpforms-1579-field_2-error\" required><label for=\"wpforms-1579-field_2\" class=\"wpforms-field-sublabel after\">Email<\/label><\/div><div class=\"wpforms-field-row-block wpforms-one-half\"><input type=\"email\" id=\"wpforms-1579-field_2-secondary\" class=\"wpforms-field-email-secondary wpforms-field-required\" data-rule-confirm=\"#wpforms-1579-field_2\" name=\"wpforms[fields][2][secondary]\" spellcheck=\"false\" aria-errormessage=\"wpforms-1579-field_2-secondary-error\" required><label for=\"wpforms-1579-field_2-secondary\" class=\"wpforms-field-sublabel after\">Confirm Email<\/label><\/div><\/div><\/fieldset><\/div><div id=\"wpforms-1579-field_3-container\" class=\"wpforms-field wpforms-field-textarea\" data-field-id=\"3\"><label class=\"wpforms-field-label\" for=\"wpforms-1579-field_3\">Descripci\u00f3n del problema o del repuesto <span class=\"wpforms-required-label\" aria-hidden=\"true\">*<\/span><\/label><textarea id=\"wpforms-1579-field_3\" class=\"wpforms-field-medium wpforms-field-required\" name=\"wpforms[fields][3]\" aria-errormessage=\"wpforms-1579-field_3-error\" aria-describedby=\"wpforms-1579-field_3-description\" required><\/textarea><div id=\"wpforms-1579-field_3-description\" class=\"wpforms-field-description\">Indique el modelo de la m\u00e1quina, el n\u00famero de serie si lo conoce, y describa la aver\u00eda o el repuesto que necesita.<\/div><\/div><div id=\"wpforms-1579-field_5-container\" class=\"wpforms-field wpforms-field-number\" data-field-id=\"5\"><label class=\"wpforms-field-label\" for=\"wpforms-1579-field_5\">Tel\u00e9fono de contacto<\/label><input type=\"number\" id=\"wpforms-1579-field_5\" class=\"wpforms-field-medium\" name=\"wpforms[fields][5]\" step=\"any\" aria-errormessage=\"wpforms-1579-field_5-error\" ><\/div>\t\t<div id=\"wpforms-1579-field_7-container\"\n\t\t\tclass=\"wpforms-field wpforms-field-text\"\n\t\t\tdata-field-type=\"text\"\n\t\t\tdata-field-id=\"7\"\n\t\t\t>\n\t\t\t<label class=\"wpforms-field-label\" for=\"wpforms-1579-field_7\" >de Descripci\u00f3n de<\/label>\n\t\t\t<input type=\"text\" id=\"wpforms-1579-field_7\" class=\"wpforms-field-medium\" name=\"wpforms[fields][7]\" >\n\t\t<\/div>\n\t\t<div id=\"wpforms-1579-field_4-container\" class=\"wpforms-field wpforms-field-select wpforms-field-select-style-classic\" data-field-id=\"4\"><label class=\"wpforms-field-label\" for=\"wpforms-1579-field_4\">Tipo de maquina <span class=\"wpforms-required-label\" aria-hidden=\"true\">*<\/span><\/label><select id=\"wpforms-1579-field_4\" class=\"wpforms-field-medium wpforms-field-required\" name=\"wpforms[fields][4]\" required=\"required\"><option value=\"\" class=\"placeholder\" disabled  selected='selected'>&#8212; Selecciona la opci\u00f3n &#8212;<\/option><option value=\"Bobinadora\"  class=\"choice-1 depth-1\"  >Bobinadora<\/option><option value=\"Encarretadora\"  class=\"choice-2 depth-1\"  >Encarretadora<\/option><option value=\"Recogedor de cuerda\"  class=\"choice-3 depth-1\"  >Recogedor de cuerda<\/option><option value=\"Trenzadora\"  class=\"choice-4 depth-1\"  >Trenzadora<\/option><option value=\"Otra m\u00e1quina industrial\"  class=\"choice-5 depth-1\"  >Otra m\u00e1quina industrial<\/option><\/select><\/div><div id=\"wpforms-1579-field_6-container\" class=\"wpforms-field wpforms-field-text\" data-field-id=\"6\"><label class=\"wpforms-field-label\" for=\"wpforms-1579-field_6\">Modelo de maquina y numero de serie<\/label><input type=\"text\" id=\"wpforms-1579-field_6\" class=\"wpforms-field-medium\" name=\"wpforms[fields][6]\" aria-errormessage=\"wpforms-1579-field_6-error\" ><\/div><script>\n\t\t\t\t( function() {\n\t\t\t\t\tconst style = document.createElement( 'style' );\n\t\t\t\t\tstyle.appendChild( document.createTextNode( '#wpforms-1579-field_7-container { position: absolute !important; overflow: hidden !important; display: inline !important; height: 1px !important; width: 1px !important; z-index: -1000 !important; padding: 0 !important; } #wpforms-1579-field_7-container input { visibility: hidden; } #wpforms-conversational-form-page #wpforms-1579-field_7-container label { counter-increment: none; }' ) );\n\t\t\t\t\tdocument.head.appendChild( style );\n\t\t\t\t\tdocument.currentScript?.remove();\n\t\t\t\t} )();\n\t\t\t<\/script><\/div><!-- .wpforms-field-container --><div class=\"wpforms-submit-container\" ><input type=\"hidden\" name=\"wpforms[id]\" value=\"1579\"><input type=\"hidden\" name=\"page_title\" value=\"\"><input type=\"hidden\" name=\"page_url\" value=\"https:\/\/www.cachapet.com\/en\/wp-json\/wp\/v2\/pages\/1575\"><input type=\"hidden\" name=\"url_referer\" value=\"\"><button type=\"submit\" name=\"wpforms[submit]\" id=\"wpforms-submit-1579\" class=\"wpforms-submit\" data-alt-text=\"Enviando...\" data-submit-text=\"Solicitar servicio tecnico\" aria-live=\"assertive\" value=\"wpforms-submit\">Solicitar servicio tecnico<\/button><img loading=\"lazy\" decoding=\"async\" src=\"https:\/\/www.cachapet.com\/wp-content\/plugins\/wpforms-lite\/assets\/images\/submit-spin.svg\" class=\"wpforms-submit-spinner\" style=\"display: none;\" width=\"26\" height=\"26\" alt=\"Loading\"><\/div><\/form><\/div>  <!-- .wpforms-container -->\n\n\n<p class=\"gb-text gb-text-b461ea42\">Ind\u00edquenos el tipo de m\u00e1quina, el problema detectado y sus datos de contacto. Nuestro servicio t\u00e9cnico se pondr\u00e1 en contacto a la mayor brevedad posible.<\/p>\n<\/div>\n<\/div>\n\n\n\n<p><\/p>\n","protected":false},"excerpt":{"rendered":"<p>Solicitud de servicio t\u00e9cnico o de repuestos Utilice este formulario para solicitar asistencia t\u00e9cnica, mantenimiento, reparaci\u00f3n de maquinaria industrial o repuestos. Facilitar la mayor informaci\u00f3n posible nos ayudar\u00e1 a realizar un diagn\u00f3stico m\u00e1s r\u00e1pido y eficaz. Urgencias \u00bfNecesita asistencia t\u00e9cnica urgente? Para incidencias urgentes, paradas de m\u00e1quina o situaciones que afecten a su producci\u00f3n, contacte &#8230; <a title=\"Technical service request\" class=\"read-more\" href=\"https:\/\/www.cachapet.com\/en\/solicitud-de-servicio-tecnico\/\" aria-label=\"Read more about Solicitud de servicio t\u00e9cnico\">Read more<\/a><\/p>","protected":false},"author":1,"featured_media":0,"parent":0,"menu_order":0,"comment_status":"closed","ping_status":"closed","template":"","meta":{"inline_featured_image":false,"_uag_custom_page_level_css":"","footnotes":""},"class_list":["post-1575","page","type-page","status-publish"],"uagb_featured_image_src":{"full":false,"thumbnail":false,"medium":false,"medium_large":false,"large":false,"1536x1536":false,"2048x2048":false,"trp-custom-language-flag":false},"uagb_author_info":{"display_name":"admin8566","author_link":"https:\/\/www.cachapet.com\/en\/author\/admin8566\/"},"uagb_comment_info":0,"uagb_excerpt":"Solicitud de servicio t\u00e9cnico o de repuestos Utilice este formulario para solicitar asistencia t\u00e9cnica, mantenimiento, reparaci\u00f3n de maquinaria industrial o repuestos. Facilitar la mayor informaci\u00f3n posible nos ayudar\u00e1 a realizar un diagn\u00f3stico m\u00e1s r\u00e1pido y eficaz. Urgencias \u00bfNecesita asistencia t\u00e9cnica urgente? Para incidencias urgentes, paradas de m\u00e1quina o situaciones que afecten a su producci\u00f3n, contacte&hellip;","_links":{"self":[{"href":"https:\/\/www.cachapet.com\/en\/wp-json\/wp\/v2\/pages\/1575","targetHints":{"allow":["GET"]}}],"collection":[{"href":"https:\/\/www.cachapet.com\/en\/wp-json\/wp\/v2\/pages"}],"about":[{"href":"https:\/\/www.cachapet.com\/en\/wp-json\/wp\/v2\/types\/page"}],"author":[{"embeddable":true,"href":"https:\/\/www.cachapet.com\/en\/wp-json\/wp\/v2\/users\/1"}],"replies":[{"embeddable":true,"href":"https:\/\/www.cachapet.com\/en\/wp-json\/wp\/v2\/comments?post=1575"}],"version-history":[{"count":27,"href":"https:\/\/www.cachapet.com\/en\/wp-json\/wp\/v2\/pages\/1575\/revisions"}],"predecessor-version":[{"id":2489,"href":"https:\/\/www.cachapet.com\/en\/wp-json\/wp\/v2\/pages\/1575\/revisions\/2489"}],"wp:attachment":[{"href":"https:\/\/www.cachapet.com\/en\/wp-json\/wp\/v2\/media?parent=1575"}],"curies":[{"name":"wp","href":"https:\/\/api.w.org\/{rel}","templated":true}]}}