{"id":20,"date":"2025-12-02T18:25:54","date_gmt":"2025-12-02T17:25:54","guid":{"rendered":"http:\/\/www.cachapet.com\/?page_id=20"},"modified":"2025-12-30T16:09:53","modified_gmt":"2025-12-30T15:09:53","slug":"empresa","status":"publish","type":"page","link":"https:\/\/www.cachapet.com\/en\/empresa\/","title":{"rendered":"Company"},"content":{"rendered":"<div class=\"gb-element-5d23225f\">\n<div>\n<h1 class=\"gb-text gb-text-2c09d30a\">Company<\/h1>\n\n\n\n<p class=\"gb-text\"><em>Fabricando maquinaria industrial desde 1988<\/em><\/p>\n\n\n\n<h2 class=\"gb-text gb-text-233bc8cf\">Qui\u00e9nes somos<\/h2>\n\n\n\n<p class=\"gb-text\">Fundada en 1988, somos una empresa con una s\u00f3lida trayectoria en el <strong>dise\u00f1o, fabricaci\u00f3n, reparaci\u00f3n y mantenimiento de maquinaria industrial<\/strong>, desarrollando soluciones propias adaptadas a las necesidades reales de producci\u00f3n de cada cliente.<br><br>Estamos especializados en el <strong>dise\u00f1o y fabricaci\u00f3n de maquinaria industrial para procesos continuos<\/strong>, especialmente en aplicaciones relacionadas con cuerda, cord\u00f3n y materiales t\u00e9cnicos. Nuestras m\u00e1quinas se desarrollan bajo criterios de <strong>robustez, fiabilidad y facilidad de mantenimiento<\/strong>, priorizando siempre la estabilidad del proceso productivo.<br><br>A lo largo de nuestra trayectoria hemos trabajado tanto con <strong>equipos de fabricaci\u00f3n propia<\/strong> como con <strong>maquinaria existente del cliente<\/strong>, aportando soluciones t\u00e9cnicas en procesos de bobinado, trenzado, alimentaci\u00f3n y control de tensi\u00f3n.<\/p>\n<\/div>\n\n\n\n<div>\n<h2 class=\"gb-text gb-text-09eed780\">Qu\u00e9 hacemos<\/h2>\n\n\n\n<ul class=\"wp-block-list\">\n<li>Fabricaci\u00f3n de <strong>maquinaria industrial a medida<\/strong>.<\/li>\n\n\n\n<li>Dise\u00f1o, modificaci\u00f3n y adaptaci\u00f3n de equipos existentes.<\/li>\n\n\n\n<li>Integraci\u00f3n de <strong>automatizaci\u00f3n y control electr\u00f3nico<\/strong>.<\/li>\n\n\n\n<li>Actualizaci\u00f3n y mejora de <strong>maquinaria industrial antigua<\/strong>.<\/li>\n<\/ul>\n\n\n\n<p class=\"gb-text\">Adem\u00e1s de la fabricaci\u00f3n, ofrecemos <strong>servicio t\u00e9cnico y reparaci\u00f3n de aver\u00edas<\/strong> en maquinaria industrial, tanto propia como de terceros.<br>Realizamos intervenciones de <strong>diagn\u00f3stico, mantenimiento correctivo y puesta a punto<\/strong>, minimizando tiempos de parada y garantizando la continuidad del proceso productivo.<\/p>\n<\/div>\n\n\n\n<div>\n<h2 class=\"gb-text gb-text-886808a3\">Mecanizado CNC y fabricaci\u00f3n de componentes<\/h2>\n\n\n\n<p class=\"gb-text\">Disponemos de <strong>medios propios de mecanizado<\/strong>, incluyendo <strong>torno CNC y centro de mecanizado<\/strong>, lo que nos permite fabricar piezas y componentes con altos niveles de precisi\u00f3n.<br><br>Este recurso nos aporta <strong>autonom\u00eda total en el desarrollo de nuestras m\u00e1quinas<\/strong>, as\u00ed como la capacidad de fabricar <strong>piezas bajo plano<\/strong>, repuestos y componentes especiales para reparaci\u00f3n y mantenimiento industrial.<br><br>El mecanizado CNC forma parte integral de nuestro proceso de fabricaci\u00f3n y servicio t\u00e9cnico, asegurando <strong>control de calidad, plazos ajustados y fiabilidad en cada componente.<\/strong><\/p>\n<\/div>\n\n\n\n<div>\n<h2 class=\"gb-text gb-text-2db07149\">Instalaciones y medios<\/h2>\n\n\n\n<p class=\"gb-text\">Contamos con <strong>instalaciones y medios propios<\/strong> para el desarrollo completo de los proyectos, desde el dise\u00f1o hasta la puesta en marcha final.<br><br>Nuestros recursos abarcan <strong>mecanizado, montaje mec\u00e1nico, automatizaci\u00f3n, pruebas funcionales y verificaci\u00f3n en condiciones reales de trabajo<\/strong>, permitiendo entregar equipos listos para producci\u00f3n.<\/p>\n<\/div>\n\n\n\n<div>\n<h2 class=\"gb-text gb-text-079a384c\">Calidad y compromiso<\/h2>\n\n\n\n<p class=\"gb-text\">Cada m\u00e1quina se dise\u00f1a con criterios de <strong>fiabilidad, seguridad y facilidad de mantenimiento<\/strong>, priorizando la estabilidad del proceso y la calidad del producto final.<br><br>M\u00e1s de <strong>tres d\u00e9cadas de experiencia<\/strong> avalan nuestro trabajo en fabricaci\u00f3n, reparaci\u00f3n y servicio t\u00e9cnico de maquinaria industrial.<br>Trabajamos en contacto directo con el cliente para adaptar cada soluci\u00f3n a sus necesidades reales de producci\u00f3n.<\/p>\n<\/div>\n\n\n\n<div>\n<h2 class=\"gb-text gb-text-3c6dea01\">Servicio t\u00e9cnico y soporte<\/h2>\n\n\n\n<p class=\"gb-text\">Ofrecemos <strong>asistencia t\u00e9cnica, mantenimiento y reparaci\u00f3n de maquinaria industrial<\/strong>, con respuesta r\u00e1pida ante incidencias y paradas de producci\u00f3n.<\/p>\n<\/div>\n\n\n\n<a class=\"gb-text gb-text-8835c92d\" href=\"https:\/\/www.cachapet.com\/index.php\/solicitud-de-servicio-tecnico\/\"><strong>Solicitar de servicio t\u00e9cnico<\/strong><\/a>\n<\/div>","protected":false},"excerpt":{"rendered":"<p>Empresa Fabricando maquinaria industrial desde 1988 Qui\u00e9nes somos Fundada en 1988, somos una empresa con una s\u00f3lida trayectoria en el dise\u00f1o, fabricaci\u00f3n, reparaci\u00f3n y mantenimiento de maquinaria industrial, desarrollando soluciones propias adaptadas a las necesidades reales de producci\u00f3n de cada cliente. Estamos especializados en el dise\u00f1o y fabricaci\u00f3n de maquinaria industrial para procesos continuos, especialmente &#8230; <a title=\"Company\" class=\"read-more\" href=\"https:\/\/www.cachapet.com\/en\/empresa\/\" aria-label=\"Read more about Empresa\">Read more<\/a><\/p>","protected":false},"author":1,"featured_media":0,"parent":0,"menu_order":0,"comment_status":"closed","ping_status":"closed","template":"","meta":{"inline_featured_image":false,"_uag_custom_page_level_css":"","footnotes":""},"class_list":["post-20","page","type-page","status-publish"],"uagb_featured_image_src":{"full":false,"thumbnail":false,"medium":false,"medium_large":false,"large":false,"1536x1536":false,"2048x2048":false,"trp-custom-language-flag":false},"uagb_author_info":{"display_name":"admin8566","author_link":"https:\/\/www.cachapet.com\/en\/author\/admin8566\/"},"uagb_comment_info":0,"uagb_excerpt":"Empresa Fabricando maquinaria industrial desde 1988 Qui\u00e9nes somos Fundada en 1988, somos una empresa con una s\u00f3lida trayectoria en el dise\u00f1o, fabricaci\u00f3n, reparaci\u00f3n y mantenimiento de maquinaria industrial, desarrollando soluciones propias adaptadas a las necesidades reales de producci\u00f3n de cada cliente. Estamos especializados en el dise\u00f1o y fabricaci\u00f3n de maquinaria industrial para procesos continuos, especialmente&hellip;","_links":{"self":[{"href":"https:\/\/www.cachapet.com\/en\/wp-json\/wp\/v2\/pages\/20","targetHints":{"allow":["GET"]}}],"collection":[{"href":"https:\/\/www.cachapet.com\/en\/wp-json\/wp\/v2\/pages"}],"about":[{"href":"https:\/\/www.cachapet.com\/en\/wp-json\/wp\/v2\/types\/page"}],"author":[{"embeddable":true,"href":"https:\/\/www.cachapet.com\/en\/wp-json\/wp\/v2\/users\/1"}],"replies":[{"embeddable":true,"href":"https:\/\/www.cachapet.com\/en\/wp-json\/wp\/v2\/comments?post=20"}],"version-history":[{"count":14,"href":"https:\/\/www.cachapet.com\/en\/wp-json\/wp\/v2\/pages\/20\/revisions"}],"predecessor-version":[{"id":1985,"href":"https:\/\/www.cachapet.com\/en\/wp-json\/wp\/v2\/pages\/20\/revisions\/1985"}],"wp:attachment":[{"href":"https:\/\/www.cachapet.com\/en\/wp-json\/wp\/v2\/media?parent=20"}],"curies":[{"name":"wp","href":"https:\/\/api.w.org\/{rel}","templated":true}]}}