{"id":22,"date":"2025-12-02T18:26:10","date_gmt":"2025-12-02T17:26:10","guid":{"rendered":"http:\/\/www.cachapet.com\/?page_id=22"},"modified":"2025-12-30T15:54:29","modified_gmt":"2025-12-30T14:54:29","slug":"contacto","status":"publish","type":"page","link":"https:\/\/www.cachapet.com\/en\/contacto\/","title":{"rendered":"Contact"},"content":{"rendered":"\n<div class=\"gb-element-5d23225f\">\n<div class=\"gb-element-4bae8a6a\">\n<h1 class=\"gb-text\">Contacto<\/h1>\n\n\n\n<p class=\"gb-text\">Puede contactar con nosotros para consultas t\u00e9cnicas, solicitudes de servicio, fabricaci\u00f3n de maquinaria o repuestos. Nuestro equipo le atender\u00e1 a la mayor brevedad posible.<\/p>\n\n\n\n<h2 class=\"gb-text\">\u00bfNecesita asistencia inmediata?<\/h2>\n\n\n\n<div class=\"wp-block-uagb-info-box uagb-block-7525aaab uagb-infobox__content-wrap  uagb-infobox-icon-left-title uagb-infobox-left uagb-infobox-image-valign-middle\"><div class=\"uagb-ifb-content\"><div class=\"uagb-ifb-left-title-image\"><div class=\"uagb-ifb-icon-wrap\"><svg xmlns=\"https:\/\/www.w3.org\/2000\/svg\" viewBox=\"0 0 512 512\"><path d=\"M511.2 387l-23.25 100.8c-3.266 14.25-15.79 24.22-30.46 24.22C205.2 512 0 306.8 0 54.5c0-14.66 9.969-27.2 24.22-30.45l100.8-23.25C139.7-2.602 154.7 5.018 160.8 18.92l46.52 108.5c5.438 12.78 1.77 27.67-8.98 36.45L144.5 207.1c33.98 69.22 90.26 125.5 159.5 159.5l44.08-53.8c8.688-10.78 23.69-14.51 36.47-8.975l108.5 46.51C506.1 357.2 514.6 372.4 511.2 387z\"><\/path><\/svg><\/div><div class=\"uagb-ifb-title-wrap\"><h3 class=\"uagb-ifb-title\"> 96 540 54 64  \/  96 540 43 70<\/h3><\/div><\/div><\/div><\/div>\n\n\n\n<div class=\"wp-block-uagb-info-box uagb-block-1efd7d0b uagb-infobox__content-wrap  uagb-infobox-icon-left-title uagb-infobox-left uagb-infobox-image-valign-middle\"><div class=\"uagb-ifb-content\"><div class=\"uagb-ifb-left-title-image\"><div class=\"uagb-ifb-icon-wrap\"><svg xmlns=\"https:\/\/www.w3.org\/2000\/svg\" viewBox=\"0 0 512 512\"><path d=\"M464 64C490.5 64 512 85.49 512 112C512 127.1 504.9 141.3 492.8 150.4L275.2 313.6C263.8 322.1 248.2 322.1 236.8 313.6L19.2 150.4C7.113 141.3 0 127.1 0 112C0 85.49 21.49 64 48 64H464zM217.6 339.2C240.4 356.3 271.6 356.3 294.4 339.2L512 176V384C512 419.3 483.3 448 448 448H64C28.65 448 0 419.3 0 384V176L217.6 339.2z\"><\/path><\/svg><\/div><div class=\"uagb-ifb-title-wrap\"><h3 class=\"uagb-ifb-title\"> cachapet@cachapet.com<\/h3><\/div><\/div><\/div><\/div>\n\n\n\n<p class=\"gb-text\">Horario de atenci\u00f3n: Lunes a viernes de 07:00h. a 17:00h.<\/p>\n\n\n\n<h2 class=\"gb-text\">\u00bfDonde estamos?<\/h2>\n\n\n\n<div class=\"gb-element-a71ccdca\">\n<div class=\"gb-element-16f88d0d\">\n<a href=\"https:\/\/www.google.com\/maps\/place\/Carrer+Altea,+68,+03339+Pol%C3%ADgon+Industrial+Catxapets,+Alacant\/@38.2255501,-0.8262533,14z\/data=!4m6!3m5!1s0xd63bbfb9ebe9a89:0x5c9fe6b169440c71!8m2!3d38.2230951!4d-0.8225698!16s%2Fg%2F11g0hk7cck?entry=ttu&#038;g_ep=EgoyMDI1MTIwOS4wIKXMDSoKLDEwMDc5MjA3M0gBUAM%3D\"><img loading=\"lazy\" decoding=\"async\" width=\"400\" height=\"280\" class=\"gb-media-6bd32d8a\" alt=\"\" title=\"mapa\" src=\"http:\/\/www.cachapet.com\/wp-content\/uploads\/2025\/12\/mapa.jpg\" srcset=\"https:\/\/www.cachapet.com\/wp-content\/uploads\/2025\/12\/mapa.jpg 400w, https:\/\/www.cachapet.com\/wp-content\/uploads\/2025\/12\/mapa-300x210.jpg 300w\" sizes=\"auto, (max-width: 400px) 100vw, 400px\" \/><\/a>\n<\/div>\n\n\n\n<div class=\"gb-element-1de90e32\">\n<div class=\"gb-element-4f3ae9af\">\n<div class=\"gb-element-ddcc0733\">\n<p class=\"gb-text gb-text-d02b29ef\">Puede encontrarnos en nuestras instalaciones. Haga clic en el mapa o en el pulsador para abrir la ubicaci\u00f3n en Google Maps y obtener indicaciones.<\/p>\n<\/div>\n\n\n\n<div class=\"gb-element-9fa9ec65\">\n<a class=\"gb-text gb-text-c815ed46\" href=\"https:\/\/www.google.com\/maps\/place\/Carrer+Altea,+68,+03339+Pol%C3%ADgon+Industrial+Catxapets,+Alacant\/@38.2255501,-0.8262533,14z\/data=!4m6!3m5!1s0xd63bbfb9ebe9a89:0x5c9fe6b169440c71!8m2!3d38.2230951!4d-0.8225698!16s%2Fg%2F11g0hk7cck?entry=ttu&#038;g_ep=EgoyMDI1MTIwOS4wIKXMDSoKLDEwMDc5MjA3M0gBUAM%3D\">Como llegar<\/a>\n<\/div>\n<\/div>\n<\/div>\n<\/div>\n\n\n<style id=\"wpforms-css-vars-1809-block-17695587-d2f0-4ccb-afb7-3f995a15d647\">\n\t\t\t\t#wpforms-1809.wpforms-block-17695587-d2f0-4ccb-afb7-3f995a15d647 {\n\t\t\t\t--wpforms-field-size-input-height: 43px;\n--wpforms-field-size-input-spacing: 15px;\n--wpforms-field-size-font-size: 16px;\n--wpforms-field-size-line-height: 19px;\n--wpforms-field-size-padding-h: 14px;\n--wpforms-field-size-checkbox-size: 16px;\n--wpforms-field-size-sublabel-spacing: 5px;\n--wpforms-field-size-icon-size: 1;\n--wpforms-label-size-font-size: 16px;\n--wpforms-label-size-line-height: 19px;\n--wpforms-label-size-sublabel-font-size: 14px;\n--wpforms-label-size-sublabel-line-height: 17px;\n--wpforms-button-size-font-size: 17px;\n--wpforms-button-size-height: 41px;\n--wpforms-button-size-padding-h: 15px;\n--wpforms-button-size-margin-top: 10px;\n\t\t\t}\n\t\t\t<\/style><div class=\"wpforms-container wpforms-container-full wpforms-block wpforms-block-17695587-d2f0-4ccb-afb7-3f995a15d647 wpforms-render-modern\" id=\"wpforms-1809\"><form id=\"wpforms-form-1809\" class=\"wpforms-validate wpforms-form wpforms-ajax-form\" data-formid=\"1809\" method=\"post\" enctype=\"multipart\/form-data\" action=\"\/en\/wp-json\/wp\/v2\/pages\/22\" data-token=\"fb50d14d492bc8e99c96a29cefebbb24\" data-token-time=\"1777469572\"><noscript class=\"wpforms-error-noscript\">Please enable JavaScript in your browser to complete this form.<\/noscript><div id=\"wpforms-error-noscript\" style=\"display: none;\">Please enable JavaScript in your browser to complete this form.<\/div><div class=\"wpforms-field-container\"><div id=\"wpforms-1809-field_1-container\" class=\"wpforms-field wpforms-field-name\" data-field-id=\"1\"><fieldset><legend class=\"wpforms-field-label\">Nombre <span class=\"wpforms-required-label\" aria-hidden=\"true\">*<\/span><\/legend><div class=\"wpforms-field-row wpforms-field-medium\"><div class=\"wpforms-field-row-block wpforms-first wpforms-one-half\"><input type=\"text\" id=\"wpforms-1809-field_1\" class=\"wpforms-field-name-first wpforms-field-required\" name=\"wpforms[fields][1][first]\" aria-errormessage=\"wpforms-1809-field_1-error\" required><label for=\"wpforms-1809-field_1\" class=\"wpforms-field-sublabel after\">First<\/label><\/div><div class=\"wpforms-field-row-block wpforms-one-half\"><input type=\"text\" id=\"wpforms-1809-field_1-last\" class=\"wpforms-field-name-last wpforms-field-required\" name=\"wpforms[fields][1][last]\" aria-errormessage=\"wpforms-1809-field_1-last-error\" required><label for=\"wpforms-1809-field_1-last\" class=\"wpforms-field-sublabel after\">Last<\/label><\/div><\/div><\/fieldset><\/div><div id=\"wpforms-1809-field_2-container\" class=\"wpforms-field wpforms-field-email\" data-field-id=\"2\"><fieldset><legend class=\"wpforms-field-label\">Correo electr\u00f3nico <span class=\"wpforms-required-label\" aria-hidden=\"true\">*<\/span><\/legend><div class=\"wpforms-field-row wpforms-field-medium\"><div class=\"wpforms-field-row-block wpforms-one-half wpforms-first\"><input type=\"email\" id=\"wpforms-1809-field_2\" class=\"wpforms-field-required wpforms-field-email-primary\" name=\"wpforms[fields][2][primary]\" spellcheck=\"false\" aria-errormessage=\"wpforms-1809-field_2-error\" required><label for=\"wpforms-1809-field_2\" class=\"wpforms-field-sublabel after\">Email<\/label><\/div><div class=\"wpforms-field-row-block wpforms-one-half\"><input type=\"email\" id=\"wpforms-1809-field_2-secondary\" class=\"wpforms-field-email-secondary wpforms-field-required\" data-rule-confirm=\"#wpforms-1809-field_2\" name=\"wpforms[fields][2][secondary]\" spellcheck=\"false\" aria-errormessage=\"wpforms-1809-field_2-secondary-error\" required><label for=\"wpforms-1809-field_2-secondary\" class=\"wpforms-field-sublabel after\">Confirm Email<\/label><\/div><\/div><\/fieldset><\/div><div id=\"wpforms-1809-field_5-container\" class=\"wpforms-field wpforms-field-number\" data-field-id=\"5\"><label class=\"wpforms-field-label\" for=\"wpforms-1809-field_5\">Tel\u00e9fono de contacto<\/label><input type=\"number\" id=\"wpforms-1809-field_5\" class=\"wpforms-field-medium\" name=\"wpforms[fields][5]\" step=\"any\" aria-errormessage=\"wpforms-1809-field_5-error\" ><\/div>\t\t<div id=\"wpforms-1809-field_4-container\"\n\t\t\tclass=\"wpforms-field wpforms-field-text\"\n\t\t\tdata-field-type=\"text\"\n\t\t\tdata-field-id=\"4\"\n\t\t\t>\n\t\t\t<label class=\"wpforms-field-label\" for=\"wpforms-1809-field_4\" >de Mensaje Correo<\/label>\n\t\t\t<input type=\"text\" id=\"wpforms-1809-field_4\" class=\"wpforms-field-medium\" name=\"wpforms[fields][4]\" >\n\t\t<\/div>\n\t\t<div id=\"wpforms-1809-field_3-container\" class=\"wpforms-field wpforms-field-textarea\" data-field-id=\"3\"><label class=\"wpforms-field-label\" for=\"wpforms-1809-field_3\">Mensaje <span class=\"wpforms-required-label\" aria-hidden=\"true\">*<\/span><\/label><textarea id=\"wpforms-1809-field_3\" class=\"wpforms-field-medium wpforms-field-required\" name=\"wpforms[fields][3]\" aria-errormessage=\"wpforms-1809-field_3-error\" required><\/textarea><\/div><script>\n\t\t\t\t( function() {\n\t\t\t\t\tconst style = document.createElement( 'style' );\n\t\t\t\t\tstyle.appendChild( document.createTextNode( '#wpforms-1809-field_4-container { position: absolute !important; overflow: hidden !important; display: inline !important; height: 1px !important; width: 1px !important; z-index: -1000 !important; padding: 0 !important; } #wpforms-1809-field_4-container input { visibility: hidden; } #wpforms-conversational-form-page #wpforms-1809-field_4-container label { counter-increment: none; }' ) );\n\t\t\t\t\tdocument.head.appendChild( style );\n\t\t\t\t\tdocument.currentScript?.remove();\n\t\t\t\t} )();\n\t\t\t<\/script><\/div><!-- .wpforms-field-container --><div class=\"wpforms-recaptcha-container wpforms-is-recaptcha wpforms-is-recaptcha-type-v3\" ><input type=\"hidden\" name=\"wpforms[recaptcha]\" value=\"\"><\/div><div class=\"wpforms-submit-container\" ><input type=\"hidden\" name=\"wpforms[id]\" value=\"1809\"><input type=\"hidden\" name=\"page_title\" value=\"\"><input type=\"hidden\" name=\"page_url\" value=\"https:\/\/www.cachapet.com\/en\/wp-json\/wp\/v2\/pages\/22\"><input type=\"hidden\" name=\"url_referer\" value=\"\"><button type=\"submit\" name=\"wpforms[submit]\" id=\"wpforms-submit-1809\" class=\"wpforms-submit\" data-alt-text=\"Enviando...\" data-submit-text=\"Enviar consulta\" aria-live=\"assertive\" value=\"wpforms-submit\">Enviar consulta<\/button><img loading=\"lazy\" decoding=\"async\" src=\"https:\/\/www.cachapet.com\/wp-content\/plugins\/wpforms-lite\/assets\/images\/submit-spin.svg\" class=\"wpforms-submit-spinner\" style=\"display: none;\" width=\"26\" height=\"26\" alt=\"Loading\"><\/div><\/form><\/div>  <!-- .wpforms-container -->\n\n\n<p class=\"gb-text gb-text-2cea9d5b\">*Al enviar este formulario acepta nuestra pol\u00edtica de privacidad.<\/p>\n\n\n\n<p class=\"gb-text gb-text-1bbf6a9f\">Atendemos personalmente cada consulta.<br>Nuestro equipo t\u00e9cnico revisar\u00e1 su mensaje y se pondr\u00e1 en contacto con usted a la mayor brevedad posible.<\/p>\n<\/div>\n<\/div>\n","protected":false},"excerpt":{"rendered":"<p>Contacto Puede contactar con nosotros para consultas t\u00e9cnicas, solicitudes de servicio, fabricaci\u00f3n de maquinaria o repuestos. Nuestro equipo le atender\u00e1 a la mayor brevedad posible. \u00bfNecesita asistencia inmediata? Horario de atenci\u00f3n: Lunes a viernes de 07:00h. a 17:00h. \u00bfDonde estamos? Puede encontrarnos en nuestras instalaciones. Haga clic en el mapa o en el pulsador para &#8230; <a title=\"Contact\" class=\"read-more\" href=\"https:\/\/www.cachapet.com\/en\/contacto\/\" aria-label=\"Read more about Contacto\">Read more<\/a><\/p>","protected":false},"author":1,"featured_media":0,"parent":0,"menu_order":0,"comment_status":"closed","ping_status":"closed","template":"","meta":{"inline_featured_image":false,"_uag_custom_page_level_css":"","footnotes":""},"class_list":["post-22","page","type-page","status-publish"],"uagb_featured_image_src":{"full":false,"thumbnail":false,"medium":false,"medium_large":false,"large":false,"1536x1536":false,"2048x2048":false,"trp-custom-language-flag":false},"uagb_author_info":{"display_name":"admin8566","author_link":"https:\/\/www.cachapet.com\/en\/author\/admin8566\/"},"uagb_comment_info":0,"uagb_excerpt":"Contacto Puede contactar con nosotros para consultas t\u00e9cnicas, solicitudes de servicio, fabricaci\u00f3n de maquinaria o repuestos. Nuestro equipo le atender\u00e1 a la mayor brevedad posible. \u00bfNecesita asistencia inmediata? Horario de atenci\u00f3n: Lunes a viernes de 07:00h. a 17:00h. \u00bfDonde estamos? Puede encontrarnos en nuestras instalaciones. Haga clic en el mapa o en el pulsador para&hellip;","_links":{"self":[{"href":"https:\/\/www.cachapet.com\/en\/wp-json\/wp\/v2\/pages\/22","targetHints":{"allow":["GET"]}}],"collection":[{"href":"https:\/\/www.cachapet.com\/en\/wp-json\/wp\/v2\/pages"}],"about":[{"href":"https:\/\/www.cachapet.com\/en\/wp-json\/wp\/v2\/types\/page"}],"author":[{"embeddable":true,"href":"https:\/\/www.cachapet.com\/en\/wp-json\/wp\/v2\/users\/1"}],"replies":[{"embeddable":true,"href":"https:\/\/www.cachapet.com\/en\/wp-json\/wp\/v2\/comments?post=22"}],"version-history":[{"count":34,"href":"https:\/\/www.cachapet.com\/en\/wp-json\/wp\/v2\/pages\/22\/revisions"}],"predecessor-version":[{"id":1982,"href":"https:\/\/www.cachapet.com\/en\/wp-json\/wp\/v2\/pages\/22\/revisions\/1982"}],"wp:attachment":[{"href":"https:\/\/www.cachapet.com\/en\/wp-json\/wp\/v2\/media?parent=22"}],"curies":[{"name":"wp","href":"https:\/\/api.w.org\/{rel}","templated":true}]}}