{"id":8,"date":"2025-12-02T18:23:15","date_gmt":"2025-12-02T17:23:15","guid":{"rendered":"http:\/\/www.cachapet.com\/?page_id=8"},"modified":"2026-03-09T14:15:37","modified_gmt":"2026-03-09T13:15:37","slug":"inicio","status":"publish","type":"page","link":"https:\/\/www.cachapet.com\/en\/","title":{"rendered":"Home"},"content":{"rendered":"<div class=\"gb-element-ed8e6ed9\">\n<div>\n<\/div>\n\n\n\n<div>\n<div class=\"gb-element-c9512e93\">\n<div>\n<div class=\"gb-element-235bac95\">\n<h2 class=\"gb-text gb-text-e7eef64d\">What do we do?<\/h2>\n<\/div>\n\n\n\n<div class=\"gb-element-9a550fcb\">\n<div class=\"gb-element-c45f8995\">\n<div class=\"gb-element-d8fece92\"><div class=\"wp-block-image is-style-default\">\n<figure class=\"aligncenter size-large is-resized\"><img loading=\"lazy\" decoding=\"async\" width=\"32\" height=\"32\" src=\"http:\/\/www.cachapet.com\/wp-content\/uploads\/2025\/12\/wrench-1.svg\" alt=\"\" class=\"wp-image-122\" style=\"object-fit:cover;width:32px;height:32px\"\/><\/figure>\n<\/div>\n\n\n<h2 class=\"gb-text gb-text-7d8b2d9b\">Machinery repair<\/h2>\n\n\n\n<p class=\"has-text-align-center\">We repair all types of industrial machinery thanks to our team and our fully equipped workshop, reducing production downtime.<\/p>\n\n\n\n<div class=\"gb-element-6b9f8a08\">\n<\/div>\n\n\n\n<a class=\"gb-text gb-text-d50cd841\" href=\"https:\/\/www.cachapet.com\/index.php\/solicitud-de-servicio-tecnico\/\">Request technical service<\/a>\n<\/div>\n\n\n\n<div class=\"gb-element-39f96584\"><div class=\"wp-block-image\">\n<figure class=\"aligncenter size-large is-resized\"><img loading=\"lazy\" decoding=\"async\" width=\"32\" height=\"32\" src=\"http:\/\/www.cachapet.com\/wp-content\/uploads\/2025\/12\/factory.svg\" alt=\"\" class=\"wp-image-113\" style=\"object-fit:cover;width:32px;height:32px\"\/><\/figure>\n<\/div>\n\n\n<h2 class=\"gb-text gb-text-9650bdbd\">Machinery manufacturing<\/h2>\n\n\n\n<p>We manufacture custom machinery for industrial processes. We design and build complete equipment and solutions tailored to each need.<\/p>\n\n\n\n<div class=\"gb-element-d4bf7e52\">\n<\/div>\n\n\n\n<a class=\"gb-text gb-text-8f66f114\" href=\"https:\/\/www.cachapet.com\/index.php\/fabricacion-de-maquinaria\/\">View machinery<\/a>\n<\/div>\n\n\n\n<div class=\"gb-element-c9b19ed2\"><div class=\"wp-block-image is-style-default\">\n<figure class=\"aligncenter size-large is-resized\"><img loading=\"lazy\" decoding=\"async\" width=\"32\" height=\"32\" src=\"http:\/\/www.cachapet.com\/wp-content\/uploads\/2025\/12\/wrench-1.svg\" alt=\"\" class=\"wp-image-122\" style=\"object-fit:cover;width:32px;height:32px\"\/><\/figure>\n<\/div>\n\n\n<h2 class=\"gb-text gb-text-d4a6ea55\">Electrical solutions<\/h2>\n\n\n\n<p class=\"has-text-align-center\">We solve mechanical, electrical and electronic faults quickly and efficiently, reducing production downtime.<\/p>\n\n\n\n<div class=\"gb-element-c1441a59\">\n<\/div>\n\n\n\n<a class=\"gb-text gb-text-878d9812\" href=\"https:\/\/www.cachapet.com\/index.php\/solicitud-de-servicio-tecnico\/\">Request technical service<\/a>\n<\/div>\n<\/div>\n\n\n\n<div class=\"gb-element-8c4d3bbf\">\n<div class=\"gb-element-7c8404d8\"><div class=\"wp-block-image\">\n<figure class=\"aligncenter size-large is-resized\"><img loading=\"lazy\" decoding=\"async\" width=\"32\" height=\"32\" src=\"http:\/\/www.cachapet.com\/wp-content\/uploads\/2025\/12\/factory.svg\" alt=\"\" class=\"wp-image-113\" style=\"object-fit:cover;width:32px;height:32px\"\/><\/figure>\n<\/div>\n\n\n<h2 class=\"gb-text gb-text-989fbc25\">CNC machining<\/h2>\n\n\n\n<p>We have our own CNC machining capabilities for the manufacture of precision parts and mechanical assemblies.<\/p>\n\n\n\n<div class=\"gb-element-294cc8ca\">\n<\/div>\n\n\n\n<a class=\"gb-text gb-text-ab949933\" href=\"https:\/\/www.cachapet.com\/index.php\/solicitud-de-servicio-tecnico\/\">Request technical service<\/a>\n<\/div>\n\n\n\n<div class=\"gb-element-86878d11\">\n<figure class=\"wp-block-image size-large is-resized\"><img loading=\"lazy\" decoding=\"async\" width=\"32\" height=\"32\" src=\"http:\/\/www.cachapet.com\/wp-content\/uploads\/2025\/12\/package-1.svg\" alt=\"\" class=\"wp-image-131\" style=\"object-fit:cover;width:32px;height:32px\"\/><\/figure>\n\n\n\n<h2 class=\"gb-text gb-text-c6204733\">Spare parts and custom components<\/h2>\n\n\n\n<p>We have a wide stock of spare parts thanks to our network of suppliers and partners. We supply mechanical, electrical and electronic components.<\/p>\n\n\n\n<div class=\"gb-element-8167a805\">\n<\/div>\n\n\n\n<a class=\"gb-text gb-text-53b8b517\" href=\"https:\/\/www.cachapet.com\/index.php\/solicitud-de-servicio-tecnico\/\">Request spare parts<\/a>\n<\/div>\n<\/div>\n\n\n<\/div>\n<\/div>\n<\/div>\n<\/div>\n<\/div>\n\n\n\n<div class=\"gb-element-9d1a1840\">\n<\/div>\n\n\n\n<div class=\"gb-element-f225a0c9\">\n<div><\/div>\n\n\n\n<h2 class=\"gb-text gb-text-d4c66da1\">Fully equipped industrial workshop<\/h2>\n\n\n\n<p class=\"gb-text translation-block\">We have our own machinery and in-house manufacturing capabilities that allow us to handle repair, manufacturing and adaptation of industrial machinery independently, reducing lead times and ensuring a high level of precision in every job.\n\nOur workshop is equipped to manufacture components, carry out mechanical adjustments and solve technical issues without relying on third parties, resulting in faster responses and more effective solutions for our clients.<\/p>\n\n\n\n<div class=\"wp-block-uagb-info-box uagb-block-5befef82 uagb-infobox__content-wrap  uagb-infobox-icon-left-title uagb-infobox-left uagb-infobox-image-valign-middle wp-block-uagb-info-box--has-margin\"><div class=\"uagb-infobox-margin-wrapper\"><div class=\"uagb-ifb-content\"><div class=\"uagb-ifb-left-title-image\"><div class=\"uagb-ifb-image-content\"><img decoding=\"async\" src=\"http:\/\/www.cachapet.com\/wp-content\/uploads\/2025\/12\/icono-torno30-3.png\" alt=\"\" width=\"42\" height=\"25\" loading=\"lazy\"\/><\/div><div class=\"uagb-ifb-title-wrap\"><h3 class=\"uagb-ifb-title\">  CNC lathes<\/h3><\/div><\/div><div class=\"uagb-ifb-separator\"><\/div><\/div><\/div><\/div>\n\n\n\n<p class=\"gb-text\">Precision machining of parts for the repair and manufacture of mechanical components, shafts, bushings and special elements, both in small batches and single pieces.<\/p>\n\n\n\n<div class=\"wp-block-uagb-info-box uagb-block-958f52ce uagb-infobox__content-wrap  uagb-infobox-icon-left-title uagb-infobox-left uagb-infobox-image-valign-middle wp-block-uagb-info-box--has-margin\"><div class=\"uagb-infobox-margin-wrapper\"><div class=\"uagb-ifb-content\"><div class=\"uagb-ifb-left-title-image\"><div class=\"uagb-ifb-image-content\"><img decoding=\"async\" src=\"http:\/\/www.cachapet.com\/wp-content\/uploads\/2025\/12\/icono-fresa30.png\" alt=\"\" width=\"40\" height=\"30\" loading=\"lazy\"\/><\/div><div class=\"uagb-ifb-title-wrap\"><h3 class=\"uagb-ifb-title\">  Machining centres<\/h3><\/div><\/div><div class=\"uagb-ifb-separator\"><\/div><\/div><\/div><\/div>\n\n\n\n<p class=\"gb-text\">Manufacture of mechanical parts and assemblies based on drawings or custom-made, with high dimensional precision and finishes suitable for demanding industrial applications.<\/p>\n\n\n\n<div class=\"wp-block-uagb-info-box uagb-block-59faee04 uagb-infobox__content-wrap  uagb-infobox-icon-left-title uagb-infobox-left uagb-infobox-image-valign-middle\"><div class=\"uagb-ifb-content\"><div class=\"uagb-ifb-left-title-image\"><div class=\"uagb-ifb-image-content\"><img decoding=\"async\" src=\"http:\/\/www.cachapet.com\/wp-content\/uploads\/2025\/12\/taller-completo-1.png\" alt=\"\" width=\"90\" height=\"35\" loading=\"lazy\"\/><\/div><div class=\"uagb-ifb-title-wrap\"><h3 class=\"uagb-ifb-title\">  Fully equipped mechanical workshop<\/h3><\/div><\/div><div class=\"uagb-ifb-separator\"><\/div><\/div><\/div>\n\n\n\n\n\n<p class=\"gb-text\">Facilities equipped for milling, welding, assembly, adjustment and commissioning of industrial machinery, both our own and third-party equipment.<\/p>\n\n\n\n<div class=\"wp-block-uagb-info-box uagb-block-bfa0d96c uagb-infobox__content-wrap  uagb-infobox-icon-left-title uagb-infobox-left uagb-infobox-image-valign-middle\"><div class=\"uagb-ifb-content\"><div class=\"uagb-ifb-left-title-image\"><div class=\"uagb-ifb-image-content\"><img decoding=\"async\" src=\"http:\/\/www.cachapet.com\/wp-content\/uploads\/2025\/12\/medida-icono.png\" alt=\"\" width=\"40\" height=\"37\" loading=\"lazy\"\/><\/div><div class=\"uagb-ifb-title-wrap\"><h3 class=\"uagb-ifb-title\">  Custom manufacturing and adaptation<\/h3><\/div><\/div><div class=\"uagb-ifb-separator\"><\/div><\/div><\/div>\n\n\n\n<p class=\"gb-text\">Design, modification and improvement of existing equipment, adapting solutions to the real needs of each client's production process, from specific interventions to the development of complete engineering solutions integrated into ongoing industrial processes.<\/p>\n<\/div>","protected":false},"excerpt":{"rendered":"<p>\u00bfQu\u00e9 hacemos? Reparaci\u00f3n de maquinaria Reparamos todo tipo de maquinaria industrial gracias a nuestros equipo y nuestro taller mec\u00e1nico totalmente equipado, reduciendo paradas de producci\u00f3n. Solicitar servio t\u00e9cnico Fabricaci\u00f3n de maquinaria Fabricamos maquinaria a medida para procesos industriales. Dise\u00f1amos y construimos equipos completos y soluciones adaptadas a cada necesidad. Ver maquinaria Soluciones electricas Solucionamos aver\u00edas &#8230; <a title=\"Home\" class=\"read-more\" href=\"https:\/\/www.cachapet.com\/en\/\" aria-label=\"Read more about Inicio\">Read more<\/a><\/p>","protected":false},"author":1,"featured_media":0,"parent":0,"menu_order":0,"comment_status":"closed","ping_status":"closed","template":"","meta":{"inline_featured_image":false,"_uag_custom_page_level_css":"","footnotes":""},"class_list":["post-8","page","type-page","status-publish"],"uagb_featured_image_src":{"full":false,"thumbnail":false,"medium":false,"medium_large":false,"large":false,"1536x1536":false,"2048x2048":false,"trp-custom-language-flag":false},"uagb_author_info":{"display_name":"admin8566","author_link":"https:\/\/www.cachapet.com\/en\/author\/admin8566\/"},"uagb_comment_info":0,"uagb_excerpt":"\u00bfQu\u00e9 hacemos? Reparaci\u00f3n de maquinaria Reparamos todo tipo de maquinaria industrial gracias a nuestros equipo y nuestro taller mec\u00e1nico totalmente equipado, reduciendo paradas de producci\u00f3n. Solicitar servio t\u00e9cnico Fabricaci\u00f3n de maquinaria Fabricamos maquinaria a medida para procesos industriales. Dise\u00f1amos y construimos equipos completos y soluciones adaptadas a cada necesidad. Ver maquinaria Soluciones electricas Solucionamos aver\u00edas&hellip;","_links":{"self":[{"href":"https:\/\/www.cachapet.com\/en\/wp-json\/wp\/v2\/pages\/8","targetHints":{"allow":["GET"]}}],"collection":[{"href":"https:\/\/www.cachapet.com\/en\/wp-json\/wp\/v2\/pages"}],"about":[{"href":"https:\/\/www.cachapet.com\/en\/wp-json\/wp\/v2\/types\/page"}],"author":[{"embeddable":true,"href":"https:\/\/www.cachapet.com\/en\/wp-json\/wp\/v2\/users\/1"}],"replies":[{"embeddable":true,"href":"https:\/\/www.cachapet.com\/en\/wp-json\/wp\/v2\/comments?post=8"}],"version-history":[{"count":857,"href":"https:\/\/www.cachapet.com\/en\/wp-json\/wp\/v2\/pages\/8\/revisions"}],"predecessor-version":[{"id":2843,"href":"https:\/\/www.cachapet.com\/en\/wp-json\/wp\/v2\/pages\/8\/revisions\/2843"}],"wp:attachment":[{"href":"https:\/\/www.cachapet.com\/en\/wp-json\/wp\/v2\/media?parent=8"}],"curies":[{"name":"wp","href":"https:\/\/api.w.org\/{rel}","templated":true}]}}