{"id":862,"date":"2025-12-20T05:07:04","date_gmt":"2025-12-20T04:07:04","guid":{"rendered":"http:\/\/www.cachapet.com\/?page_id=862"},"modified":"2026-04-24T09:24:52","modified_gmt":"2026-04-24T07:24:52","slug":"bobinadoras","status":"publish","type":"page","link":"https:\/\/www.cachapet.com\/en\/bobinadoras\/","title":{"rendered":"Winders"},"content":{"rendered":"<div class=\"gb-element-f29ba258\"><\/div>\n\n\n\n<div class=\"gb-element-6fde6040\">\n<h1 class=\"gb-text gb-text-f5d06ae1\">Industrial winders<\/h1>\n\n\n\n<p class=\"gb-text gb-text-6a9c9fef\">Winding machines for yarn, rope and technical materials<\/p>\n<\/div>\n\n\n\n<div class=\"gb-element-17422ad8\">\n<p>Nuestras bobinadoras industriales est\u00e1n dise\u00f1adas para procesos productivos continuos, ofreciendo precisi\u00f3n en el bobinado, adaptabilidad a distintos formatos de bobina y una construcci\u00f3n robusta orientada a un uso intensivo en entornos industriales.<\/p>\n\n\n\n<div class=\"gb-element-84f14e33\">\n<figure class=\"wp-block-video aligncenter uag-hide-mob\"><video height=\"720\" style=\"aspect-ratio: 1280 \/ 720;\" width=\"1280\" autoplay loop muted src=\"https:\/\/www.cachapet.com\/wp-content\/uploads\/2026\/01\/bobinando-satur.mp4\" playsinline><\/video><\/figure>\n<\/div>\n\n\n\n\n\n\n<\/div>\n\n\n\n<div class=\"gb-element-5d23225f\">\n<div>\n\n\n<a class=\"gb-text gb-text-3646430a\" href=\"http:\/\/www.cachapet.com\/index.php\/cabezal-unico\/\">Single-head winders<\/a>\n\n\n\n\n\n<h4 class=\"gb-text gb-text-a57e4f2f\">Two models designed for different bobbin sizes and applications.<\/h4>\n<\/div>\n\n\n\n<div class=\"gb-element-b48d8925\">\n<div class=\"gb-element-8d03dc92\">\n<a href=\"http:\/\/www.cachapet.com\/index.php\/bspc-350d\/\"><img loading=\"lazy\" decoding=\"async\" width=\"450\" height=\"460\" class=\"gb-media-9180260c\" alt=\"\" src=\"http:\/\/www.cachapet.com\/wp-content\/uploads\/2025\/12\/bg3-1.jpg\" title=\"bg3\" srcset=\"https:\/\/www.cachapet.com\/wp-content\/uploads\/2025\/12\/bg3-1.jpg 450w, https:\/\/www.cachapet.com\/wp-content\/uploads\/2025\/12\/bg3-1-293x300.jpg 293w\" sizes=\"auto, (max-width: 450px) 100vw, 450px\" \/><\/a>\n\n\n\n<h3 class=\"gb-text gb-text-18589c58\">BSPC-200D\/350D<\/h3>\n\n\n\n<p class=\"has-contrast-2-color has-text-color has-link-color wp-elements-72a5703f0c5ccbfe239edfc9fb71525f\">Bobinadora dise\u00f1ada para la fabricaci\u00f3n de bobinas de hilo, cuerda y materiales t\u00e9cnicos de hasta 450mm (350D) y 285mm (200D), de di\u00e1metro.<br><\/p>\n\n\n\n<a class=\"gb-text gb-text-0f77546c\" href=\"http:\/\/www.cachapet.com\/index.php\/bspc-350d\/\">More information<\/a>\n<\/div>\n\n\n\n<div class=\"gb-element-25dd6bf4\">\n<a href=\"http:\/\/www.cachapet.com\/index.php\/bspc-500d\/\"><img loading=\"lazy\" decoding=\"async\" width=\"2560\" height=\"1704\" class=\"gb-media-a3a7f992\" alt=\"\" src=\"http:\/\/www.cachapet.com\/wp-content\/uploads\/2025\/12\/500d-scaled.jpg\" title=\"SONY DSC\" srcset=\"https:\/\/www.cachapet.com\/wp-content\/uploads\/2025\/12\/500d-scaled.jpg 2560w, https:\/\/www.cachapet.com\/wp-content\/uploads\/2025\/12\/500d-300x200.jpg 300w, https:\/\/www.cachapet.com\/wp-content\/uploads\/2025\/12\/500d-1024x681.jpg 1024w, https:\/\/www.cachapet.com\/wp-content\/uploads\/2025\/12\/500d-768x511.jpg 768w, https:\/\/www.cachapet.com\/wp-content\/uploads\/2025\/12\/500d-1536x1022.jpg 1536w, https:\/\/www.cachapet.com\/wp-content\/uploads\/2025\/12\/500d-2048x1363.jpg 2048w\" sizes=\"auto, (max-width: 2560px) 100vw, 2560px\" \/><\/a>\n\n\n\n<h3 class=\"gb-text gb-text-78bfb5e5\">BSPC-500D<\/h3>\n\n\n\n<p class=\"has-contrast-2-color has-text-color has-link-color wp-elements-64226c523511e08a8992a7e41052d354\">Winder designed for the production of bobbins of rope and technical materials (twisted paper) up to 640 mm in diameter.<\/p>\n\n\n\n<a class=\"gb-text gb-text-3ffc5312\" href=\"http:\/\/www.cachapet.com\/index.php\/bspc-500d\/\">More information<\/a>\n<\/div>\n<\/div>\n<\/div>\n\n\n\n<div class=\"gb-element-ed2ff0d8\">\n<div>\n\n\n<a class=\"gb-text gb-text-26b6368c\" href=\"http:\/\/www.cachapet.com\/index.php\/cabezal-multiple\/\">Multi-head winders<\/a>\n\n\n\n<h4 class=\"gb-text gb-text-dd6f4144\">Three models designed for different bobbin sizes and industrial applications.<\/h4>\n\n\n<\/div>\n\n\n\n<div class=\"gb-element-24447773\">\n<div class=\"gb-element-b13766f9\">\n<a href=\"https:\/\/www.cachapet.com\/index.php\/bspc-200\/\"><img loading=\"lazy\" decoding=\"async\" width=\"2560\" height=\"1320\" class=\"gb-media-4dbd32fd\" alt=\"\" src=\"http:\/\/www.cachapet.com\/wp-content\/uploads\/2025\/12\/BSPC5200-150MB-1-scaled.jpg\" title=\"BSPC5200-1,50MB\" srcset=\"https:\/\/www.cachapet.com\/wp-content\/uploads\/2025\/12\/BSPC5200-150MB-1-scaled.jpg 2560w, https:\/\/www.cachapet.com\/wp-content\/uploads\/2025\/12\/BSPC5200-150MB-1-300x155.jpg 300w, https:\/\/www.cachapet.com\/wp-content\/uploads\/2025\/12\/BSPC5200-150MB-1-1024x528.jpg 1024w, https:\/\/www.cachapet.com\/wp-content\/uploads\/2025\/12\/BSPC5200-150MB-1-768x396.jpg 768w, https:\/\/www.cachapet.com\/wp-content\/uploads\/2025\/12\/BSPC5200-150MB-1-1536x792.jpg 1536w, https:\/\/www.cachapet.com\/wp-content\/uploads\/2025\/12\/BSPC5200-150MB-1-2048x1056.jpg 2048w\" sizes=\"auto, (max-width: 2560px) 100vw, 2560px\" \/><\/a>\n\n\n\n<h3 class=\"gb-text gb-text-518490ef\">BSPC-(3,4,5)-200<\/h3>\n\n\n\n<p class=\"has-contrast-2-color has-text-color has-link-color wp-elements-12620bee778362655e9a574583afc09e\">Winder designed for the production of bobbins of yarn, rope and technical materials up to 280 mm in diameter.<br><\/p>\n\n\n\n<a class=\"gb-text gb-text-80f23828\" href=\"https:\/\/www.cachapet.com\/index.php\/bspc-200\/\">More information<\/a>\n<\/div>\n\n\n\n<div class=\"gb-element-d90905f1\">\n<a href=\"https:\/\/www.cachapet.com\/index.php\/bspc-300\/\"><img loading=\"lazy\" decoding=\"async\" width=\"903\" height=\"567\" class=\"gb-media-bb083aed\" alt=\"\" src=\"http:\/\/www.cachapet.com\/wp-content\/uploads\/2025\/12\/bspc4300-11mg.jpg\" title=\"bspc4300 11mg\" srcset=\"https:\/\/www.cachapet.com\/wp-content\/uploads\/2025\/12\/bspc4300-11mg.jpg 903w, https:\/\/www.cachapet.com\/wp-content\/uploads\/2025\/12\/bspc4300-11mg-300x188.jpg 300w, https:\/\/www.cachapet.com\/wp-content\/uploads\/2025\/12\/bspc4300-11mg-768x482.jpg 768w\" sizes=\"auto, (max-width: 903px) 100vw, 903px\" \/><\/a>\n\n\n\n<h3 class=\"gb-text gb-text-f967c0a6\">BSPC-(3,4)-300<\/h3>\n\n\n\n<p class=\"has-contrast-2-color has-text-color has-link-color wp-elements-e45caf0cbcb0f9e9b2efeb88b08b88d4\">Winder designed for the production of bobbins of yarn, rope and technical materials up to 340 mm in diameter.<br><\/p>\n\n\n\n<a class=\"gb-text gb-text-638fd59f\" href=\"https:\/\/www.cachapet.com\/index.php\/bspc-300\/\">More information<\/a>\n<\/div>\n\n\n\n<div class=\"gb-element-da97ad91\">\n<a href=\"https:\/\/www.cachapet.com\/index.php\/bspc-300d\/\"><img loading=\"lazy\" decoding=\"async\" width=\"300\" height=\"164\" class=\"gb-media-b56119b2\" alt=\"\" src=\"http:\/\/www.cachapet.com\/wp-content\/uploads\/2025\/12\/BSPC300D-menua.jpg\" title=\"BSPC300D menua\"\/><\/a>\n\n\n\n<h3 class=\"gb-text gb-text-e1ef641e\">BSPC-(3,4)-300D<\/h3>\n\n\n\n<p class=\"has-contrast-2-color has-text-color has-link-color wp-elements-09852dab31e5c64ce16003f0dd0c1ace\">Winder designed for the production of bobbins of rope and technical materials up to 380 mm in diameter, with feeder.<\/p>\n\n\n\n<a class=\"gb-text gb-text-fb9c31dd\" href=\"https:\/\/www.cachapet.com\/index.php\/bspc-300d\/\">More information<\/a>\n<\/div>\n<\/div>\n<\/div>\n\n\n\n\n\n<div class=\"gb-element-bfdccdc7\">\n<div>\n<a class=\"gb-text gb-text-3483537b\" href=\"http:\/\/www.cachapet.com\/index.php\/bet\/\">Winders compatible with braiding machines.<\/a>\n\n\n<\/div>\n\n\n\n<div class=\"gb-element-ea0cf155\">\n<div class=\"gb-element-5edf811b\">\n<a href=\"http:\/\/www.cachapet.com\/index.php\/bet\/\"><img loading=\"lazy\" decoding=\"async\" width=\"291\" height=\"423\" class=\"gb-media-c4aebb70\" alt=\"\" src=\"http:\/\/www.cachapet.com\/wp-content\/uploads\/2025\/12\/Bec8.jpg\" title=\"Bec8\" srcset=\"https:\/\/www.cachapet.com\/wp-content\/uploads\/2025\/12\/Bec8.jpg 291w, https:\/\/www.cachapet.com\/wp-content\/uploads\/2025\/12\/Bec8-206x300.jpg 206w\" sizes=\"auto, (max-width: 291px) 100vw, 291px\" \/><\/a>\n\n\n\n<h3 class=\"gb-text gb-text-30b24202\">Compatible with braiding machines<\/h3>\n\n\n\n<p class=\"has-contrast-2-color has-text-color has-link-color wp-elements-10a57fe49c052917d8a955b1126c1a1c\">Winders that can be integrated into braiding machines for direct product take-up without external equipment.<br><\/p>\n\n\n\n<a class=\"gb-text gb-text-947c51f3\" href=\"http:\/\/www.cachapet.com\/index.php\/bet\/\">More information<\/a>\n<\/div>\n<\/div>\n<\/div>\n\n\n\n<p><\/p>","protected":false},"excerpt":{"rendered":"<p>Bobinadoras industriales Maquinas de bobinado para hilo, cuerda y materiales t\u00e9cnicos Nuestras bobinadoras industriales est\u00e1n dise\u00f1adas para procesos productivos continuos, ofreciendo precisi\u00f3n en el bobinado, adaptabilidad a distintos formatos de bobina y una construcci\u00f3n robusta orientada a un uso intensivo en entornos industriales. Cabezal Unico Bobinadoras industriales de un cabezal dise\u00f1adas para la fabricaci\u00f3n de &#8230; <a title=\"Winders\" class=\"read-more\" href=\"https:\/\/www.cachapet.com\/en\/bobinadoras\/\" aria-label=\"Read more about Bobinadoras\">Read more<\/a><\/p>","protected":false},"author":1,"featured_media":0,"parent":0,"menu_order":0,"comment_status":"closed","ping_status":"closed","template":"","meta":{"inline_featured_image":false,"_uag_custom_page_level_css":"","footnotes":""},"class_list":["post-862","page","type-page","status-publish"],"uagb_featured_image_src":{"full":false,"thumbnail":false,"medium":false,"medium_large":false,"large":false,"1536x1536":false,"2048x2048":false,"trp-custom-language-flag":false},"uagb_author_info":{"display_name":"admin8566","author_link":"https:\/\/www.cachapet.com\/en\/author\/admin8566\/"},"uagb_comment_info":0,"uagb_excerpt":"Bobinadoras industriales Maquinas de bobinado para hilo, cuerda y materiales t\u00e9cnicos Nuestras bobinadoras industriales est\u00e1n dise\u00f1adas para procesos productivos continuos, ofreciendo precisi\u00f3n en el bobinado, adaptabilidad a distintos formatos de bobina y una construcci\u00f3n robusta orientada a un uso intensivo en entornos industriales. Cabezal Unico Bobinadoras industriales de un cabezal dise\u00f1adas para la fabricaci\u00f3n de&hellip;","_links":{"self":[{"href":"https:\/\/www.cachapet.com\/en\/wp-json\/wp\/v2\/pages\/862","targetHints":{"allow":["GET"]}}],"collection":[{"href":"https:\/\/www.cachapet.com\/en\/wp-json\/wp\/v2\/pages"}],"about":[{"href":"https:\/\/www.cachapet.com\/en\/wp-json\/wp\/v2\/types\/page"}],"author":[{"embeddable":true,"href":"https:\/\/www.cachapet.com\/en\/wp-json\/wp\/v2\/users\/1"}],"replies":[{"embeddable":true,"href":"https:\/\/www.cachapet.com\/en\/wp-json\/wp\/v2\/comments?post=862"}],"version-history":[{"count":195,"href":"https:\/\/www.cachapet.com\/en\/wp-json\/wp\/v2\/pages\/862\/revisions"}],"predecessor-version":[{"id":2863,"href":"https:\/\/www.cachapet.com\/en\/wp-json\/wp\/v2\/pages\/862\/revisions\/2863"}],"wp:attachment":[{"href":"https:\/\/www.cachapet.com\/en\/wp-json\/wp\/v2\/media?parent=862"}],"curies":[{"name":"wp","href":"https:\/\/api.w.org\/{rel}","templated":true}]}}