{"id":982,"date":"2025-12-20T13:35:31","date_gmt":"2025-12-20T12:35:31","guid":{"rendered":"http:\/\/www.cachapet.com\/?page_id=982"},"modified":"2026-04-24T09:33:32","modified_gmt":"2026-04-24T07:33:32","slug":"cabezal-multiple","status":"publish","type":"page","link":"https:\/\/www.cachapet.com\/en\/cabezal-multiple\/","title":{"rendered":"Multiple head"},"content":{"rendered":"<div class=\"gb-element-5d23225f\">\n<div>\n<h2 class=\"gb-text gb-text-57fbd7be\">Multi-head winders<\/h2>\n\n\n\n<p>Three models designed for different bobbin sizes and industrial applications.<\/p>\n<\/div>\n\n\n\n<div class=\"gb-element-b48d8925\">\n<div class=\"gb-element-d8da1d5d\">\n<a href=\"https:\/\/www.cachapet.com\/index.php\/bspc-200\/\"><img loading=\"lazy\" decoding=\"async\" width=\"2560\" height=\"1320\" class=\"gb-media-3dcec510\" alt=\"\" src=\"http:\/\/www.cachapet.com\/wp-content\/uploads\/2025\/12\/BSPC5200-150MB-1-scaled.jpg\" title=\"BSPC5200-1,50MB\" srcset=\"https:\/\/www.cachapet.com\/wp-content\/uploads\/2025\/12\/BSPC5200-150MB-1-scaled.jpg 2560w, https:\/\/www.cachapet.com\/wp-content\/uploads\/2025\/12\/BSPC5200-150MB-1-300x155.jpg 300w, https:\/\/www.cachapet.com\/wp-content\/uploads\/2025\/12\/BSPC5200-150MB-1-1024x528.jpg 1024w, https:\/\/www.cachapet.com\/wp-content\/uploads\/2025\/12\/BSPC5200-150MB-1-768x396.jpg 768w, https:\/\/www.cachapet.com\/wp-content\/uploads\/2025\/12\/BSPC5200-150MB-1-1536x792.jpg 1536w, https:\/\/www.cachapet.com\/wp-content\/uploads\/2025\/12\/BSPC5200-150MB-1-2048x1056.jpg 2048w\" sizes=\"auto, (max-width: 2560px) 100vw, 2560px\" \/><\/a>\n\n\n\n<h3 class=\"gb-text gb-text-17e857a3\">BSPC-200<\/h3>\n\n\n\n<p class=\"has-contrast-2-color has-text-color has-link-color wp-elements-12620bee778362655e9a574583afc09e\">Winder designed for the production of bobbins of yarn, rope and technical materials up to 280 mm in diameter.<br><\/p>\n\n\n\n<a class=\"gb-text gb-text-8835c92d\" href=\"https:\/\/www.cachapet.com\/index.php\/bspc-200\/\">More information<\/a>\n<\/div>\n\n\n\n<div class=\"gb-element-d90905f1\">\n<a href=\"https:\/\/www.cachapet.com\/index.php\/bspc-300\/\"><img loading=\"lazy\" decoding=\"async\" width=\"903\" height=\"567\" class=\"gb-media-bb083aed\" alt=\"\" src=\"http:\/\/www.cachapet.com\/wp-content\/uploads\/2025\/12\/bspc4300-11mg.jpg\" title=\"bspc4300 11mg\" srcset=\"https:\/\/www.cachapet.com\/wp-content\/uploads\/2025\/12\/bspc4300-11mg.jpg 903w, https:\/\/www.cachapet.com\/wp-content\/uploads\/2025\/12\/bspc4300-11mg-300x188.jpg 300w, https:\/\/www.cachapet.com\/wp-content\/uploads\/2025\/12\/bspc4300-11mg-768x482.jpg 768w\" sizes=\"auto, (max-width: 903px) 100vw, 903px\" \/><\/a>\n\n\n\n<h3 class=\"gb-text gb-text-f967c0a6\">BSPC-300<\/h3>\n\n\n\n<p class=\"has-contrast-2-color has-text-color has-link-color wp-elements-e45caf0cbcb0f9e9b2efeb88b08b88d4\">Winder designed for the production of bobbins of yarn, rope and technical materials up to 340 mm in diameter.<br><\/p>\n\n\n\n<a class=\"gb-text gb-text-638fd59f\" href=\"https:\/\/www.cachapet.com\/index.php\/bspc-300\/\">More information<\/a>\n<\/div>\n\n\n\n<div class=\"gb-element-25dd6bf4\">\n<a href=\"https:\/\/www.cachapet.com\/index.php\/bspc-300d\/\"><img loading=\"lazy\" decoding=\"async\" width=\"300\" height=\"164\" class=\"gb-media-a3a7f992\" alt=\"\" src=\"http:\/\/www.cachapet.com\/wp-content\/uploads\/2025\/12\/BSPC300D-menua.jpg\" title=\"BSPC300D menua\"\/><\/a>\n\n\n\n<h3 class=\"gb-text gb-text-78bfb5e5\">BSPC-300D<\/h3>\n\n\n\n<p class=\"has-contrast-2-color has-text-color has-link-color wp-elements-09852dab31e5c64ce16003f0dd0c1ace\">Winder designed for the production of bobbins of rope and technical materials up to 380 mm in diameter, with feeder.<\/p>\n\n\n\n<a class=\"gb-text gb-text-3ffc5312\" href=\"https:\/\/www.cachapet.com\/index.php\/bspc-300d\/\">More information<\/a>\n<\/div>\n<\/div>\n<\/div>","protected":false},"excerpt":{"rendered":"<p>Bobinadoras de cabezal multiple Tres modelos dise\u00f1ados para diferentes tama\u00f1os de bobina y aplicaciones industriales. BSPC-200 Bobinadora dise\u00f1ada para la fabricaci\u00f3n de bobinas de hilo, cuerda y materiales t\u00e9cnicos de hasta 280 mm, de di\u00e1metro. Mas informaci\u00f3n BSPC-300 Bobinadora dise\u00f1ada para la fabricaci\u00f3n de bobinas de hilo, cuerda y materiales t\u00e9cnicos de hasta 340 mm, &#8230; <a title=\"Multiple head\" class=\"read-more\" href=\"https:\/\/www.cachapet.com\/en\/cabezal-multiple\/\" aria-label=\"Read more about CABEZAL M\u00daLTIPLE\">Read more<\/a><\/p>","protected":false},"author":1,"featured_media":0,"parent":0,"menu_order":0,"comment_status":"closed","ping_status":"closed","template":"","meta":{"inline_featured_image":false,"_uag_custom_page_level_css":"","footnotes":""},"class_list":["post-982","page","type-page","status-publish"],"uagb_featured_image_src":{"full":false,"thumbnail":false,"medium":false,"medium_large":false,"large":false,"1536x1536":false,"2048x2048":false,"trp-custom-language-flag":false},"uagb_author_info":{"display_name":"admin8566","author_link":"https:\/\/www.cachapet.com\/en\/author\/admin8566\/"},"uagb_comment_info":0,"uagb_excerpt":"Bobinadoras de cabezal multiple Tres modelos dise\u00f1ados para diferentes tama\u00f1os de bobina y aplicaciones industriales. BSPC-200 Bobinadora dise\u00f1ada para la fabricaci\u00f3n de bobinas de hilo, cuerda y materiales t\u00e9cnicos de hasta 280 mm, de di\u00e1metro. Mas informaci\u00f3n BSPC-300 Bobinadora dise\u00f1ada para la fabricaci\u00f3n de bobinas de hilo, cuerda y materiales t\u00e9cnicos de hasta 340 mm,&hellip;","_links":{"self":[{"href":"https:\/\/www.cachapet.com\/en\/wp-json\/wp\/v2\/pages\/982","targetHints":{"allow":["GET"]}}],"collection":[{"href":"https:\/\/www.cachapet.com\/en\/wp-json\/wp\/v2\/pages"}],"about":[{"href":"https:\/\/www.cachapet.com\/en\/wp-json\/wp\/v2\/types\/page"}],"author":[{"embeddable":true,"href":"https:\/\/www.cachapet.com\/en\/wp-json\/wp\/v2\/users\/1"}],"replies":[{"embeddable":true,"href":"https:\/\/www.cachapet.com\/en\/wp-json\/wp\/v2\/comments?post=982"}],"version-history":[{"count":72,"href":"https:\/\/www.cachapet.com\/en\/wp-json\/wp\/v2\/pages\/982\/revisions"}],"predecessor-version":[{"id":2868,"href":"https:\/\/www.cachapet.com\/en\/wp-json\/wp\/v2\/pages\/982\/revisions\/2868"}],"wp:attachment":[{"href":"https:\/\/www.cachapet.com\/en\/wp-json\/wp\/v2\/media?parent=982"}],"curies":[{"name":"wp","href":"https:\/\/api.w.org\/{rel}","templated":true}]}}